{"id":1052,"date":"2025-05-21T07:08:39","date_gmt":"2025-05-21T07:08:39","guid":{"rendered":"https:\/\/viinitilameggala.fi\/?page_id=1052"},"modified":"2025-05-21T08:35:47","modified_gmt":"2025-05-21T08:35:47","slug":"tietosuojaseloste","status":"publish","type":"page","link":"https:\/\/viinitilameggala.fi\/en\/tietosuojaseloste\/","title":{"rendered":"Tietosuojaseloste"},"content":{"rendered":"<div data-elementor-type=\"wp-page\" data-elementor-id=\"1052\" class=\"elementor elementor-1052\" data-elementor-post-type=\"page\">\n\t\t\t\t\t\t<section class=\"elementor-section elementor-top-section elementor-element elementor-element-19808ee elementor-section-boxed elementor-section-height-default elementor-section-height-default\" data-id=\"19808ee\" data-element_type=\"section\">\n\t\t\t\t\t\t<div class=\"elementor-container elementor-column-gap-default\">\n\t\t\t\t\t<div class=\"elementor-column elementor-col-100 elementor-top-column elementor-element elementor-element-8e04802\" data-id=\"8e04802\" data-element_type=\"column\">\n\t\t\t<div class=\"elementor-widget-wrap\">\n\t\t\t\t\t\t\t<\/div>\n\t\t<\/div>\n\t\t\t\t\t<\/div>\n\t\t<\/section>\n\t\t\t\t<section class=\"elementor-section elementor-top-section elementor-element elementor-element-ba522a7 elementor-section-boxed elementor-section-height-default elementor-section-height-default\" data-id=\"ba522a7\" data-element_type=\"section\">\n\t\t\t\t\t\t<div class=\"elementor-container elementor-column-gap-default\">\n\t\t\t\t\t<div class=\"elementor-column elementor-col-100 elementor-top-column elementor-element elementor-element-fa0b4a8\" data-id=\"fa0b4a8\" data-element_type=\"column\">\n\t\t\t<div class=\"elementor-widget-wrap elementor-element-populated\">\n\t\t\t\t\t\t<div class=\"elementor-element elementor-element-b97554d elementor-widget elementor-widget-text-editor\" data-id=\"b97554d\" data-element_type=\"widget\" data-widget_type=\"text-editor.default\">\n\t\t\t\t<div class=\"elementor-widget-container\">\n\t\t\t\t\t\t\t<p><strong>TIETOSUOJASELOSTE \u2013 Meggala Oy<\/strong><\/p><p>\u00a0<\/p><p>T\u00e4ss\u00e4 tietosuojaselosteessa kerrotaan, miten Meggala Oy ker\u00e4\u00e4, k\u00e4ytt\u00e4\u00e4 ja suojaa henkil\u00f6tietojasi. Noudatamme EU:n yleist\u00e4 tietosuoja-asetusta (GDPR) ja Suomen tietosuojalains\u00e4\u00e4d\u00e4nt\u00f6\u00e4.<\/p><p>\u00a0<\/p><p>T\u00e4m\u00e4 on\u00a0Yrityksen\u00a0EU:n yleisen tietosuoja-asetuksen (GDPR) mukainen rekisteri- ja tietosuojaseloste. Laadittu\u00a01.5.2020. Viimeisin muutos\u00a020.5.2025.<\/p><p>\u00a0<\/p><ol><li><strong> Rekisterinpit\u00e4j\u00e4<\/strong><\/li><\/ol><p>\u00a0<\/p><p>Meggala Oy<\/p><p>2903451-1<\/p><p>Venesj\u00e4rventie 1005,<\/p><p>38760 Venesj\u00e4rvi<\/p><p>S\u00e4hk\u00f6posti: meggalaoy@gmail.com<\/p><p>Puhelin: 0503553878<\/p><p>yhteyshenkil\u00f6: Sofia Latvaj\u00e4rvi<\/p><p>\u00a0<\/p><ol start=\"2\"><li><strong> Rekisterin nimi<\/strong><\/li><\/ol><p>\u00a0<\/p><p>Yrityksen asiakas- ja j\u00e4senrekisteri.<\/p><p>\u00a0<\/p><ol start=\"3\"><li><strong> Rekister\u00f6idyt<\/strong><\/li><\/ol><p>\u00a0<\/p><p>Rekisteriss\u00e4 voivat olla seuraavat henkil\u00f6t:<\/p><p>\u00a0<\/p><ul><li>Tapahtumiin tai viinitilak\u00e4ynteihin osallistuneet<\/li><\/ul><p>\u00a0<\/p><ul><li>Uutiskirjeen tilaajat<\/li><\/ul><p>\u00a0<\/p><ul><li>Asiakkaat ja yhteisty\u00f6kumppanit<\/li><\/ul><p>\u00a0<\/p><p>\u00a0<\/p><ol start=\"4\"><li><strong> Henkil\u00f6tiedot, joita ker\u00e4\u00e4mme<\/strong><\/li><\/ol><p>\u00a0<\/p><ul><li>Name<\/li><\/ul><p>\u00a0<\/p><ul><li>S\u00e4hk\u00f6postiosoite<\/li><\/ul><p>\u00a0<\/p><ul><li>Phone number<\/li><\/ul><p>\u00a0<\/p><ul><li>Osoitetiedot<\/li><\/ul><p>\u00a0<\/p><ul><li>Tiedot varauksista, ostoksista ja asiakaspalautteista<\/li><\/ul><p>\u00a0<\/p><p>\u00a0<\/p><p>\u00a0<\/p><ol start=\"5\"><li><strong> Henkil\u00f6tietojen k\u00e4sittelyn tarkoitus ja peruste<\/strong><\/li><\/ol><p><strong>\u00a0<\/strong><\/p><p><strong>Henkil\u00f6tietoja ker\u00e4t\u00e4\u00e4n seuraaviin tarkoituksiin:<\/strong><\/p><p>\u00a0<\/p><ul><li>\u00a0asiakassuhteen luomiseen ja asiakkaan tunnistamiseen<\/li><li>\u00a0asiakassuhteen hoitamiseen ja yll\u00e4pitoon\u00a0<\/li><li>\u00a0laskutukseen\u00a0\u00a0<\/li><\/ul><ul><li>lakis\u00e4\u00e4teisten velvoitteiden t\u00e4ytt\u00e4minen<\/li><\/ul><ul><li>\u00a0asiakasviestien ja tiedotteiden l\u00e4hett\u00e4miseen\u00a0<\/li><li>\u00a0tuotteiden jakelun toteuttamiseksi\u00a0<\/li><li>\u00a0asiakassuhdetta vahvistaviin markkinointitoimenpiteisiin\u00a0<\/li><li>\u00a0palvelujen ja liiketoiminnan kehitt\u00e4miseen\u00a0<\/li><li>\u00a0yhteydenpitoon yritysasiakkaiden yhteyshenkil\u00f6iden kanssa\u00a0<\/li><\/ul><p><strong>\u00a0<\/strong><\/p><p><strong>Henkil\u00f6tietoja k\u00e4sitell\u00e4\u00e4n seuraavilla tietosuojalains\u00e4\u00e4d\u00e4nn\u00f6n perusteilla:\u00a0\u00a0<\/strong><\/p><p>\u00a0<\/p><p><strong>Sopimus:\u00a0<\/strong>Rekister\u00f6ity voi antaa yksiselitteisen suostumuksensa sille, ett\u00e4 h\u00e4nen henkil\u00f6tietojaan k\u00e4sitell\u00e4\u00e4n yht\u00e4 tai useampaa tarkoitusta varten.\u00a0<\/p><p>\u00a0<\/p><p><strong>Oikeutettu etu:<\/strong>\u00a0Henkil\u00f6tietojen k\u00e4sittely voi olla rekisterinpit\u00e4j\u00e4n oikeutetun edun mukaista esimerkiksi silloin, kun t\u00e4m\u00e4n ja rekister\u00f6idyn v\u00e4lill\u00e4 on jokin merkityksellinen suhde. Se tarkoittaa, ett\u00e4 rekister\u00f6ity on esimerkiksi rekisterinpit\u00e4j\u00e4n asiakas tai alainen.\u00a0<\/p><p>\u00a0<\/p><p><strong>Lakis\u00e4\u00e4teinen velvoite:\u00a0<\/strong>K\u00e4sittely johonkin lakiin perustuen.\u00a0<\/p><p>\u00a0<\/p><p><strong>Asiakas voi luovuttaa seuraavia tietoja:<\/strong>\u00a0<\/p><p>\u00a0<\/p><ul><li>\u00a0yhteystiedot (nimi, osoite, puhelinnumero, s\u00e4hk\u00f6posti)\u00a0<\/li><li>\u00a0asiakassuhdetta koskevat tiedot (esim. laskutus- maksu- ja perint\u00e4tiedot, tuote- ja tilaustiedot, asiakaspalautteet ja yhteydenotot, peruutustiedot)\u00a0<\/li><li>\u00a0suoramarkkinointikiellot ja -luvat\u00a0<\/li><li>\u00a0arvonta- ja kilpailuvastaukset\u00a0<\/li><li>\u00a0muut asiakkaan suostumuksella ker\u00e4tyt tiedot\u00a0\u00a0<\/li><li>\u00a0muut asiakkuuteen liittyv\u00e4t asiointi- ja k\u00e4ytt\u00f6tiedot\u00a0<\/li><\/ul><p>\u00a0<\/p><p>\u00a0<\/p><ol start=\"6\"><li><strong> Tietojen s\u00e4ilytysaika<\/strong><\/li><\/ol><p>\u00a0<\/p><p>Henkil\u00f6tietoja s\u00e4ilytet\u00e4\u00e4n vain niin kauan kuin on tarpeen niiden k\u00e4ytt\u00f6tarkoituksen toteuttamiseksi tai lain vaatimusten mukaisesti.<\/p><p>\u00a0<\/p><p>\u00a0<\/p><ol start=\"7\"><li><strong> Tietojen luovutukset ja siirrot<\/strong><\/li><\/ol><p>\u00a0<\/p><p>Tietoja ei luovuteta kolmansille osapuolille ilman suostumusta, ellei laki niin vaadi. Voimme k\u00e4ytt\u00e4\u00e4 luotettuja palveluntarjoajia (esim. uutiskirjepalvelut, maksunv\u00e4litt\u00e4j\u00e4t), joiden kanssa on tehty asianmukaiset tietosuojasopimukset.<\/p><p>\u00a0<\/p><p>\u00a0<\/p><ol start=\"8\"><li><strong> Rekister\u00f6idyn oikeudet<\/strong><\/li><\/ol><p>\u00a0<\/p><p>Sinulla on oikeus:<\/p><p>\u00a0<\/p><ul><li>Saada p\u00e4\u00e4sy omiin henkil\u00f6tietoihisi<\/li><\/ul><p>\u00a0<\/p><ul><li>Pyyt\u00e4\u00e4 virheellisten tietojen korjaamista<\/li><\/ul><p>\u00a0<\/p><ul><li>Pyyt\u00e4\u00e4 tietojen poistamista<\/li><\/ul><p>\u00a0<\/p><ul><li>Rajoittaa tai vastustaa tietojesi k\u00e4sittely\u00e4<\/li><\/ul><p>\u00a0<\/p><ul><li>Peruuttaa antamasi suostumus<\/li><\/ul><p>\u00a0<\/p><ul><li>Tehd\u00e4 valitus tietosuojavaltuutetulle (<a href=\"http:\/\/www.tietosuoja.fi\/\">tietosuoja.fi<\/a>)<\/li><\/ul><p>\u00a0<\/p><p>\u00a0<\/p><ol start=\"9\"><li><strong> Tietoturva<\/strong><\/li><\/ol><p>\u00a0<\/p><p>Rekisterin k\u00e4sittelyss\u00e4 noudatetaan huolellisuutta ja tietoj\u00e4rjestelmien avulla k\u00e4sitelt\u00e4v\u00e4t tiedot suojataan asianmukaisesti. Kun rekisteritietoja s\u00e4ilytet\u00e4\u00e4n Internet-palvelimilla, niiden laitteiston fyysisest\u00e4 ja digitaalisesta tietoturvasta huolehditaan asiaankuuluvasti. Rekisterinpit\u00e4j\u00e4 huolehtii siit\u00e4, ett\u00e4 tallennettuja tietoja sek\u00e4 palvelimien k\u00e4ytt\u00f6oikeuksia ja muita henkil\u00f6tietojen turvallisuuden kannalta kriittisi\u00e4 tietoja k\u00e4sitell\u00e4\u00e4n luottamuksellisesti ja vain niiden ty\u00f6ntekij\u00f6iden toimesta, joiden ty\u00f6nkuvaan se kuuluu.<\/p><p>\u00a0<\/p><p>\u00a0<\/p><ol start=\"10\"><li><strong> Tarkastusoikeus ja oikeus vaatia tiedon korjaamista<\/strong><\/li><\/ol><p><strong>\u00a0<\/strong><\/p><p>Jokaisella rekisteriss\u00e4 olevalla henkil\u00f6ll\u00e4 on oikeus tarkistaa rekisteriin tallennetut tietonsa ja vaatia mahdollisen virheellisen tiedon korjaamista tai puutteellisen tiedon t\u00e4ydent\u00e4mist\u00e4. Mik\u00e4li henkil\u00f6 haluaa tarkistaa h\u00e4nest\u00e4 tallennetut tiedot tai vaatia niihin oikaisua, pyynt\u00f6 tulee\u00a0l\u00e4hett\u00e4\u00e4 kirjallisesti\u00a0rekisterinpit\u00e4j\u00e4lle. Rekisterinpit\u00e4j\u00e4 voi pyyt\u00e4\u00e4 tarvittaessa pyynn\u00f6n esitt\u00e4j\u00e4\u00e4 todistamaan henkil\u00f6llisyytens\u00e4. Rekisterinpit\u00e4j\u00e4 vastaa asiakkaalle EU:n tietosuoja-asetuksessa s\u00e4\u00e4detyss\u00e4 ajassa (p\u00e4\u00e4s\u00e4\u00e4nt\u00f6isesti kuukauden kuluessa).<\/p><p>Kaikki tietosuojaa koskevat pyynn\u00f6t ja kysymykset voit l\u00e4hett\u00e4\u00e4 s\u00e4hk\u00f6postitse osoitteeseen <a href=\"mailto:meggalaoy@gmail.com\">meggalaoy@gmail.com<\/a> .<\/p><p>\u00a0<\/p><ol start=\"11\"><li><strong> Muut henkil\u00f6tietojen k\u00e4sittelyyn liittyv\u00e4t oikeudet<\/strong><\/li><\/ol><p>Rekisteriss\u00e4 olevalla henkil\u00f6ll\u00e4 on oikeus pyyt\u00e4\u00e4 h\u00e4nt\u00e4 koskevien henkil\u00f6tietojen poistamiseen rekisterist\u00e4 (&#8221;oikeus tulla unohdetuksi&#8221;). Niin ik\u00e4\u00e4n rekister\u00f6idyill\u00e4 on muut\u00a0<a href=\"http:\/\/eur-lex.europa.eu\/legal-content\/FI\/TXT\/?uri=CELEX%3A32016R0679#d1e2144-1-1\">EU:n yleisen tietosuoja-asetuksen mukaiset oikeudet<\/a>\u00a0kuten henkil\u00f6tietojen k\u00e4sittelyn rajoittaminen tietyiss\u00e4 tilanteissa. Pyynn\u00f6t tulee\u00a0l\u00e4hett\u00e4\u00e4 kirjallisesti\u00a0rekisterinpit\u00e4j\u00e4lle. Rekisterinpit\u00e4j\u00e4 voi pyyt\u00e4\u00e4 tarvittaessa pyynn\u00f6n esitt\u00e4j\u00e4\u00e4 todistamaan henkil\u00f6llisyytens\u00e4. Rekisterinpit\u00e4j\u00e4 vastaa asiakkaalle EU:n tietosuoja-asetuksessa s\u00e4\u00e4detyss\u00e4 ajassa (p\u00e4\u00e4s\u00e4\u00e4nt\u00f6isesti kuukauden kuluessa).<\/p><p>\u00a0<\/p>\t\t\t\t\t\t<\/div>\n\t\t\t\t<\/div>\n\t\t\t\t<div class=\"elementor-element elementor-element-8059d03 elementor-icon-list--layout-traditional elementor-list-item-link-full_width elementor-widget elementor-widget-icon-list\" data-id=\"8059d03\" data-element_type=\"widget\" data-widget_type=\"icon-list.default\">\n\t\t\t\t<div class=\"elementor-widget-container\">\n\t\t\t\t\t<ul class=\"elementor-icon-list-items\">\n\t\t\t\t\t\t\t<li class=\"elementor-icon-list-item\">\n\t\t\t\t\t\t\t\t\t\t\t<span class=\"elementor-icon-list-icon\">\n\t\t\t\t\t\t\t<svg aria-hidden=\"true\" class=\"e-font-icon-svg e-far-clock\" viewbox=\"0 0 512 512\" xmlns=\"http:\/\/www.w3.org\/2000\/svg\"><path d=\"M256 8C119 8 8 119 8 256s111 248 248 248 248-111 248-248S393 8 256 8zm0 448c-110.5 0-200-89.5-200-200S145.5 56 256 56s200 89.5 200 200-89.5 200-200 200zm61.8-104.4l-84.9-61.7c-3.1-2.3-4.9-5.9-4.9-9.7V116c0-6.6 5.4-12 12-12h32c6.6 0 12 5.4 12 12v141.7l66.8 48.6c5.4 3.9 6.5 11.4 2.6 16.8L334.6 349c-3.9 5.3-11.4 6.5-16.8 2.6z\"><\/path><\/svg>\t\t\t\t\t\t<\/span>\n\t\t\t\t\t\t\t\t\t\t<span class=\"elementor-icon-list-text\"><\/span>\n\t\t\t\t\t\t\t\t\t<\/li>\n\t\t\t\t\t\t<\/ul>\n\t\t\t\t<\/div>\n\t\t\t\t<\/div>\n\t\t\t\t\t<\/div>\n\t\t<\/div>\n\t\t\t\t\t<\/div>\n\t\t<\/section>\n\t\t\t\t<\/div>","protected":false},"excerpt":{"rendered":"<p>TIETOSUOJASELOSTE \u2013 Meggala Oy \u00a0 T\u00e4ss\u00e4 tietosuojaselosteessa kerrotaan, miten Meggala Oy ker\u00e4\u00e4, k\u00e4ytt\u00e4\u00e4 ja suojaa henkil\u00f6tietojasi. Noudatamme EU:n yleist\u00e4 tietosuoja-asetusta [&hellip;]<\/p>","protected":false},"author":2,"featured_media":0,"parent":0,"menu_order":0,"comment_status":"closed","ping_status":"closed","template":"","meta":{"site-sidebar-layout":"no-sidebar","site-content-layout":"","ast-site-content-layout":"full-width-container","site-content-style":"default","site-sidebar-style":"default","ast-global-header-display":"","ast-banner-title-visibility":"","ast-main-header-display":"","ast-hfb-above-header-display":"","ast-hfb-below-header-display":"","ast-hfb-mobile-header-display":"","site-post-title":"disabled","ast-breadcrumbs-content":"","ast-featured-img":"disabled","footer-sml-layout":"","theme-transparent-header-meta":"","adv-header-id-meta":"","stick-header-meta":"","header-above-stick-meta":"","header-main-stick-meta":"","header-below-stick-meta":"","astra-migrate-meta-layouts":"default","ast-page-background-enabled":"default","ast-page-background-meta":{"desktop":{"background-color":"var(--ast-global-color-4)","background-image":"","background-repeat":"repeat","background-position":"center center","background-size":"auto","background-attachment":"scroll","background-type":"","background-media":"","overlay-type":"","overlay-color":"","overlay-opacity":"","overlay-gradient":""},"tablet":{"background-color":"","background-image":"","background-repeat":"repeat","background-position":"center center","background-size":"auto","background-attachment":"scroll","background-type":"","background-media":"","overlay-type":"","overlay-color":"","overlay-opacity":"","overlay-gradient":""},"mobile":{"background-color":"","background-image":"","background-repeat":"repeat","background-position":"center center","background-size":"auto","background-attachment":"scroll","background-type":"","background-media":"","overlay-type":"","overlay-color":"","overlay-opacity":"","overlay-gradient":""}},"ast-content-background-meta":{"desktop":{"background-color":"var(--ast-global-color-5)","background-image":"","background-repeat":"repeat","background-position":"center center","background-size":"auto","background-attachment":"scroll","background-type":"","background-media":"","overlay-type":"","overlay-color":"","overlay-opacity":"","overlay-gradient":""},"tablet":{"background-color":"var(--ast-global-color-5)","background-image":"","background-repeat":"repeat","background-position":"center center","background-size":"auto","background-attachment":"scroll","background-type":"","background-media":"","overlay-type":"","overlay-color":"","overlay-opacity":"","overlay-gradient":""},"mobile":{"background-color":"var(--ast-global-color-5)","background-image":"","background-repeat":"repeat","background-position":"center center","background-size":"auto","background-attachment":"scroll","background-type":"","background-media":"","overlay-type":"","overlay-color":"","overlay-opacity":"","overlay-gradient":""}},"footnotes":""},"class_list":["post-1052","page","type-page","status-publish","hentry"],"yoast_head":"<!-- This site is optimized with the Yoast SEO plugin v23.6 - https:\/\/yoast.com\/wordpress\/plugins\/seo\/ -->\n<title>Tietosuojaseloste - Viinitila Meggala<\/title>\n<meta name=\"robots\" content=\"index, follow, max-snippet:-1, max-image-preview:large, max-video-preview:-1\" \/>\n<link rel=\"canonical\" href=\"https:\/\/viinitilameggala.fi\/en\/tietosuojaseloste\/\" \/>\n<meta property=\"og:locale\" content=\"en_GB\" \/>\n<meta property=\"og:type\" content=\"article\" \/>\n<meta property=\"og:title\" content=\"Tietosuojaseloste - Viinitila Meggala\" \/>\n<meta property=\"og:description\" content=\"TIETOSUOJASELOSTE \u2013 Meggala Oy \u00a0 T\u00e4ss\u00e4 tietosuojaselosteessa kerrotaan, miten Meggala Oy ker\u00e4\u00e4, k\u00e4ytt\u00e4\u00e4 ja suojaa henkil\u00f6tietojasi. Noudatamme EU:n yleist\u00e4 tietosuoja-asetusta [&hellip;]\" \/>\n<meta property=\"og:url\" content=\"https:\/\/viinitilameggala.fi\/en\/tietosuojaseloste\/\" \/>\n<meta property=\"og:site_name\" content=\"Viinitila Meggala\" \/>\n<meta property=\"article:modified_time\" content=\"2025-05-21T08:35:47+00:00\" \/>\n<meta name=\"twitter:card\" content=\"summary_large_image\" \/>\n<meta name=\"twitter:label1\" content=\"Estimated reading time\" \/>\n\t<meta name=\"twitter:data1\" content=\"3 minutes\" \/>\n<script type=\"application\/ld+json\" class=\"yoast-schema-graph\">{\"@context\":\"https:\/\/schema.org\",\"@graph\":[{\"@type\":\"WebPage\",\"@id\":\"https:\/\/viinitilameggala.fi\/tietosuojaseloste\/\",\"url\":\"https:\/\/viinitilameggala.fi\/tietosuojaseloste\/\",\"name\":\"Tietosuojaseloste - Viinitila Meggala\",\"isPartOf\":{\"@id\":\"https:\/\/viinitilameggala.fi\/#website\"},\"datePublished\":\"2025-05-21T07:08:39+00:00\",\"dateModified\":\"2025-05-21T08:35:47+00:00\",\"breadcrumb\":{\"@id\":\"https:\/\/viinitilameggala.fi\/tietosuojaseloste\/#breadcrumb\"},\"inLanguage\":\"en-GB\",\"potentialAction\":[{\"@type\":\"ReadAction\",\"target\":[\"https:\/\/viinitilameggala.fi\/tietosuojaseloste\/\"]}]},{\"@type\":\"BreadcrumbList\",\"@id\":\"https:\/\/viinitilameggala.fi\/tietosuojaseloste\/#breadcrumb\",\"itemListElement\":[{\"@type\":\"ListItem\",\"position\":1,\"name\":\"Etusivu\",\"item\":\"https:\/\/viinitilameggala.fi\/\"},{\"@type\":\"ListItem\",\"position\":2,\"name\":\"Tietosuojaseloste\"}]},{\"@type\":\"WebSite\",\"@id\":\"https:\/\/viinitilameggala.fi\/#website\",\"url\":\"https:\/\/viinitilameggala.fi\/\",\"name\":\"Viinitila Meggala\",\"description\":\"Laadukkaita viinej\u00e4 joka hetkeen\",\"potentialAction\":[{\"@type\":\"SearchAction\",\"target\":{\"@type\":\"EntryPoint\",\"urlTemplate\":\"https:\/\/viinitilameggala.fi\/?s={search_term_string}\"},\"query-input\":{\"@type\":\"PropertyValueSpecification\",\"valueRequired\":true,\"valueName\":\"search_term_string\"}}],\"inLanguage\":\"en-GB\"}]}<\/script>\n<!-- \/ Yoast SEO plugin. -->","yoast_head_json":{"title":"Tietosuojaseloste - Viinitila Meggala","robots":{"index":"index","follow":"follow","max-snippet":"max-snippet:-1","max-image-preview":"max-image-preview:large","max-video-preview":"max-video-preview:-1"},"canonical":"https:\/\/viinitilameggala.fi\/en\/tietosuojaseloste\/","og_locale":"en_GB","og_type":"article","og_title":"Tietosuojaseloste - Viinitila Meggala","og_description":"TIETOSUOJASELOSTE \u2013 Meggala Oy \u00a0 T\u00e4ss\u00e4 tietosuojaselosteessa kerrotaan, miten Meggala Oy ker\u00e4\u00e4, k\u00e4ytt\u00e4\u00e4 ja suojaa henkil\u00f6tietojasi. Noudatamme EU:n yleist\u00e4 tietosuoja-asetusta [&hellip;]","og_url":"https:\/\/viinitilameggala.fi\/en\/tietosuojaseloste\/","og_site_name":"Viinitila Meggala","article_modified_time":"2025-05-21T08:35:47+00:00","twitter_card":"summary_large_image","twitter_misc":{"Estimated reading time":"3 minutes"},"schema":{"@context":"https:\/\/schema.org","@graph":[{"@type":"WebPage","@id":"https:\/\/viinitilameggala.fi\/tietosuojaseloste\/","url":"https:\/\/viinitilameggala.fi\/tietosuojaseloste\/","name":"Tietosuojaseloste - Viinitila Meggala","isPartOf":{"@id":"https:\/\/viinitilameggala.fi\/#website"},"datePublished":"2025-05-21T07:08:39+00:00","dateModified":"2025-05-21T08:35:47+00:00","breadcrumb":{"@id":"https:\/\/viinitilameggala.fi\/tietosuojaseloste\/#breadcrumb"},"inLanguage":"en-GB","potentialAction":[{"@type":"ReadAction","target":["https:\/\/viinitilameggala.fi\/tietosuojaseloste\/"]}]},{"@type":"BreadcrumbList","@id":"https:\/\/viinitilameggala.fi\/tietosuojaseloste\/#breadcrumb","itemListElement":[{"@type":"ListItem","position":1,"name":"Etusivu","item":"https:\/\/viinitilameggala.fi\/"},{"@type":"ListItem","position":2,"name":"Tietosuojaseloste"}]},{"@type":"WebSite","@id":"https:\/\/viinitilameggala.fi\/#website","url":"https:\/\/viinitilameggala.fi\/","name":"Viinitila Meggala","description":"Laadukkaita viinej\u00e4 joka hetkeen","potentialAction":[{"@type":"SearchAction","target":{"@type":"EntryPoint","urlTemplate":"https:\/\/viinitilameggala.fi\/?s={search_term_string}"},"query-input":{"@type":"PropertyValueSpecification","valueRequired":true,"valueName":"search_term_string"}}],"inLanguage":"en-GB"}]}},"_links":{"self":[{"href":"https:\/\/viinitilameggala.fi\/en\/wp-json\/wp\/v2\/pages\/1052","targetHints":{"allow":["GET"]}}],"collection":[{"href":"https:\/\/viinitilameggala.fi\/en\/wp-json\/wp\/v2\/pages"}],"about":[{"href":"https:\/\/viinitilameggala.fi\/en\/wp-json\/wp\/v2\/types\/page"}],"author":[{"embeddable":true,"href":"https:\/\/viinitilameggala.fi\/en\/wp-json\/wp\/v2\/users\/2"}],"replies":[{"embeddable":true,"href":"https:\/\/viinitilameggala.fi\/en\/wp-json\/wp\/v2\/comments?post=1052"}],"version-history":[{"count":4,"href":"https:\/\/viinitilameggala.fi\/en\/wp-json\/wp\/v2\/pages\/1052\/revisions"}],"predecessor-version":[{"id":1060,"href":"https:\/\/viinitilameggala.fi\/en\/wp-json\/wp\/v2\/pages\/1052\/revisions\/1060"}],"wp:attachment":[{"href":"https:\/\/viinitilameggala.fi\/en\/wp-json\/wp\/v2\/media?parent=1052"}],"curies":[{"name":"wp","href":"https:\/\/api.w.org\/{rel}","templated":true}]}}