{"id":270,"date":"2024-07-02T08:47:47","date_gmt":"2024-07-02T08:47:47","guid":{"rendered":"https:\/\/viinitilameggala.fi\/?page_id=270"},"modified":"2024-10-15T12:37:51","modified_gmt":"2024-10-15T12:37:51","slug":"venesjarven-kyla","status":"publish","type":"page","link":"https:\/\/viinitilameggala.fi\/en\/venesjarven-kyla\/","title":{"rendered":"Village of Venesj\u00e4rvi"},"content":{"rendered":"<div data-elementor-type=\"wp-page\" data-elementor-id=\"270\" class=\"elementor elementor-270\" data-elementor-post-type=\"page\">\n\t\t\t\t\t\t<section class=\"elementor-section elementor-top-section elementor-element elementor-element-9bf4670 elementor-section-boxed elementor-section-height-default elementor-section-height-default\" data-id=\"9bf4670\" data-element_type=\"section\" data-settings=\"{&quot;background_background&quot;:&quot;classic&quot;,&quot;shape_divider_bottom&quot;:&quot;waves&quot;}\">\n\t\t\t\t\t\t\t<div class=\"elementor-background-overlay\"><\/div>\n\t\t\t\t\t\t<div class=\"elementor-shape elementor-shape-bottom\" data-negative=\"false\">\n\t\t\t<svg xmlns=\"http:\/\/www.w3.org\/2000\/svg\" viewbox=\"0 0 1000 100\" preserveaspectratio=\"none\">\n\t<path class=\"elementor-shape-fill\" d=\"M421.9,6.5c22.6-2.5,51.5,0.4,75.5,5.3c23.6,4.9,70.9,23.5,100.5,35.7c75.8,32.2,133.7,44.5,192.6,49.7\tc23.6,2.1,48.7,3.5,103.4-2.5c54.7-6,106.2-25.6,106.2-25.6V0H0v30.3c0,0,72,32.6,158.4,30.5c39.2-0.7,92.8-6.7,134-22.4\tc21.2-8.1,52.2-18.2,79.7-24.2C399.3,7.9,411.6,7.5,421.9,6.5z\"\/>\n<\/svg>\t\t<\/div>\n\t\t\t\t\t<div class=\"elementor-container elementor-column-gap-default\">\n\t\t\t\t\t<div class=\"elementor-column elementor-col-100 elementor-top-column elementor-element elementor-element-478af0a\" data-id=\"478af0a\" data-element_type=\"column\">\n\t\t\t<div class=\"elementor-widget-wrap elementor-element-populated\">\n\t\t\t\t\t\t<div class=\"elementor-element elementor-element-f753625 elementor-widget elementor-widget-heading\" data-id=\"f753625\" data-element_type=\"widget\" data-widget_type=\"heading.default\">\n\t\t\t\t<div class=\"elementor-widget-container\">\n\t\t\t<h2 class=\"elementor-heading-title elementor-size-default\">Village of Venesj\u00e4rvi <\/h2>\t\t<\/div>\n\t\t\t\t<\/div>\n\t\t\t\t\t<\/div>\n\t\t<\/div>\n\t\t\t\t\t<\/div>\n\t\t<\/section>\n\t\t\t\t<section class=\"elementor-section elementor-top-section elementor-element elementor-element-a5f54ac elementor-section-boxed elementor-section-height-default elementor-section-height-default\" data-id=\"a5f54ac\" data-element_type=\"section\">\n\t\t\t\t\t\t<div class=\"elementor-container elementor-column-gap-default\">\n\t\t\t\t\t<div class=\"elementor-column elementor-col-100 elementor-top-column elementor-element elementor-element-12ab581\" data-id=\"12ab581\" data-element_type=\"column\">\n\t\t\t<div class=\"elementor-widget-wrap elementor-element-populated\">\n\t\t\t\t\t\t<div class=\"elementor-element elementor-element-41a457e elementor-widget elementor-widget-heading\" data-id=\"41a457e\" data-element_type=\"widget\" data-widget_type=\"heading.default\">\n\t\t\t\t<div class=\"elementor-widget-container\">\n\t\t\t<h2 class=\"elementor-heading-title elementor-size-default\">A warm welcome to live in Venesj\u00e4rvi!\n<\/h2>\t\t<\/div>\n\t\t\t\t<\/div>\n\t\t\t\t<div class=\"elementor-element elementor-element-6785bc6 elementor-widget elementor-widget-text-editor\" data-id=\"6785bc6\" data-element_type=\"widget\" data-widget_type=\"text-editor.default\">\n\t\t\t\t<div class=\"elementor-widget-container\">\n\t\t\t\t\t\t\t<p>The village of Venesj\u00e4rvi is an active rural village of about 500 inhabitants in the town of Kankaanp\u00e4\u00e4.<\/p><p>The distance to Kankaanp\u00e4\u00e4 is 12 km and to Pori 45 km. Our village has very good services for families with children.<\/p><p>The village has a school, a kindergarten, a nursery school and an after-school club. There is a popular town beach and a boat dock by the lake. In summer 2017, Lake Venesj\u00e4rventie was resurfaced with new asphalt. The village centre area is included in a sub-planning scheme, which includes new plots of land. The village has a sewage treatment plant and a municipal water network. A fibre optic cable has been built to cover the whole village.<\/p><p>Website address:\u00a0<a href=\"http:\/\/www.venesjarvi.fi\/\">www.venesjarvi.fi<\/a><\/p>\t\t\t\t\t\t<\/div>\n\t\t\t\t<\/div>\n\t\t\t\t\t<\/div>\n\t\t<\/div>\n\t\t\t\t\t<\/div>\n\t\t<\/section>\n\t\t\t\t<\/div>","protected":false},"excerpt":{"rendered":"<p>Venesj\u00e4rven kyl\u00e4 L\u00e4mpim\u00e4sti tervetuloa asumaan Venesj\u00e4rvelle! Venesj\u00e4rven kyl\u00e4 on aktiivinen noin 500 asukkaan maalaiskyl\u00e4 Kankaanp\u00e4\u00e4n kaupungissa. Matkaa Kankaanp\u00e4\u00e4h\u00e4n on 12 [&hellip;]<\/p>","protected":false},"author":1,"featured_media":272,"parent":0,"menu_order":0,"comment_status":"closed","ping_status":"closed","template":"","meta":{"site-sidebar-layout":"no-sidebar","site-content-layout":"","ast-site-content-layout":"full-width-container","site-content-style":"default","site-sidebar-style":"default","ast-global-header-display":"","ast-banner-title-visibility":"","ast-main-header-display":"","ast-hfb-above-header-display":"","ast-hfb-below-header-display":"","ast-hfb-mobile-header-display":"","site-post-title":"disabled","ast-breadcrumbs-content":"","ast-featured-img":"disabled","footer-sml-layout":"","theme-transparent-header-meta":"","adv-header-id-meta":"","stick-header-meta":"","header-above-stick-meta":"","header-main-stick-meta":"","header-below-stick-meta":"","astra-migrate-meta-layouts":"default","ast-page-background-enabled":"default","ast-page-background-meta":{"desktop":{"background-color":"var(--ast-global-color-4)","background-image":"","background-repeat":"repeat","background-position":"center center","background-size":"auto","background-attachment":"scroll","background-type":"","background-media":"","overlay-type":"","overlay-color":"","overlay-opacity":"","overlay-gradient":""},"tablet":{"background-color":"","background-image":"","background-repeat":"repeat","background-position":"center center","background-size":"auto","background-attachment":"scroll","background-type":"","background-media":"","overlay-type":"","overlay-color":"","overlay-opacity":"","overlay-gradient":""},"mobile":{"background-color":"","background-image":"","background-repeat":"repeat","background-position":"center center","background-size":"auto","background-attachment":"scroll","background-type":"","background-media":"","overlay-type":"","overlay-color":"","overlay-opacity":"","overlay-gradient":""}},"ast-content-background-meta":{"desktop":{"background-color":"var(--ast-global-color-5)","background-image":"","background-repeat":"repeat","background-position":"center center","background-size":"auto","background-attachment":"scroll","background-type":"","background-media":"","overlay-type":"","overlay-color":"","overlay-opacity":"","overlay-gradient":""},"tablet":{"background-color":"var(--ast-global-color-5)","background-image":"","background-repeat":"repeat","background-position":"center center","background-size":"auto","background-attachment":"scroll","background-type":"","background-media":"","overlay-type":"","overlay-color":"","overlay-opacity":"","overlay-gradient":""},"mobile":{"background-color":"var(--ast-global-color-5)","background-image":"","background-repeat":"repeat","background-position":"center center","background-size":"auto","background-attachment":"scroll","background-type":"","background-media":"","overlay-type":"","overlay-color":"","overlay-opacity":"","overlay-gradient":""}},"footnotes":""},"class_list":["post-270","page","type-page","status-publish","has-post-thumbnail","hentry"],"yoast_head":"<!-- This site is optimized with the Yoast SEO plugin v23.6 - https:\/\/yoast.com\/wordpress\/plugins\/seo\/ -->\n<title>L\u00e4mpim\u00e4sti tervetuloa asumaan Venesj\u00e4rvelle | Viinitila Meggala<\/title>\n<meta name=\"description\" content=\"Kyl\u00e4ll\u00e4 toimii koulu, p\u00e4iv\u00e4koti, eskari ja iltap\u00e4iv\u00e4kerho. J\u00e4rven rannassa on suosittu kaupungin uimaranta ja venelaituri.\" \/>\n<meta name=\"robots\" content=\"index, follow, max-snippet:-1, max-image-preview:large, max-video-preview:-1\" \/>\n<link rel=\"canonical\" href=\"https:\/\/viinitilameggala.fi\/en\/venesjarven-kyla\/\" \/>\n<meta property=\"og:locale\" content=\"en_GB\" \/>\n<meta property=\"og:type\" content=\"article\" \/>\n<meta property=\"og:title\" content=\"L\u00e4mpim\u00e4sti tervetuloa asumaan Venesj\u00e4rvelle | Viinitila Meggala\" \/>\n<meta property=\"og:description\" content=\"Kyl\u00e4ll\u00e4 toimii koulu, p\u00e4iv\u00e4koti, eskari ja iltap\u00e4iv\u00e4kerho. J\u00e4rven rannassa on suosittu kaupungin uimaranta ja venelaituri.\" \/>\n<meta property=\"og:url\" content=\"https:\/\/viinitilameggala.fi\/en\/venesjarven-kyla\/\" \/>\n<meta property=\"og:site_name\" content=\"Viinitila Meggala\" \/>\n<meta property=\"article:modified_time\" content=\"2024-10-15T12:37:51+00:00\" \/>\n<meta property=\"og:image\" content=\"https:\/\/viinitilameggala.fi\/wp-content\/uploads\/2024\/07\/4e274cba-4fce-4892-8d0a-6aca96a04dc6.jpg\" \/>\n\t<meta property=\"og:image:width\" content=\"1599\" \/>\n\t<meta property=\"og:image:height\" content=\"1200\" \/>\n\t<meta property=\"og:image:type\" content=\"image\/jpeg\" \/>\n<meta name=\"twitter:card\" content=\"summary_large_image\" \/>\n<meta name=\"twitter:label1\" content=\"Estimated reading time\" \/>\n\t<meta name=\"twitter:data1\" content=\"1 minute\" \/>\n<script type=\"application\/ld+json\" class=\"yoast-schema-graph\">{\"@context\":\"https:\/\/schema.org\",\"@graph\":[{\"@type\":\"WebPage\",\"@id\":\"https:\/\/viinitilameggala.fi\/venesjarven-kyla\/\",\"url\":\"https:\/\/viinitilameggala.fi\/venesjarven-kyla\/\",\"name\":\"L\u00e4mpim\u00e4sti tervetuloa asumaan Venesj\u00e4rvelle | Viinitila Meggala\",\"isPartOf\":{\"@id\":\"https:\/\/viinitilameggala.fi\/#website\"},\"primaryImageOfPage\":{\"@id\":\"https:\/\/viinitilameggala.fi\/venesjarven-kyla\/#primaryimage\"},\"image\":{\"@id\":\"https:\/\/viinitilameggala.fi\/venesjarven-kyla\/#primaryimage\"},\"thumbnailUrl\":\"https:\/\/viinitilameggala.fi\/wp-content\/uploads\/2024\/07\/4e274cba-4fce-4892-8d0a-6aca96a04dc6.jpg\",\"datePublished\":\"2024-07-02T08:47:47+00:00\",\"dateModified\":\"2024-10-15T12:37:51+00:00\",\"description\":\"Kyl\u00e4ll\u00e4 toimii koulu, p\u00e4iv\u00e4koti, eskari ja iltap\u00e4iv\u00e4kerho. J\u00e4rven rannassa on suosittu kaupungin uimaranta ja venelaituri.\",\"breadcrumb\":{\"@id\":\"https:\/\/viinitilameggala.fi\/venesjarven-kyla\/#breadcrumb\"},\"inLanguage\":\"en-GB\",\"potentialAction\":[{\"@type\":\"ReadAction\",\"target\":[\"https:\/\/viinitilameggala.fi\/venesjarven-kyla\/\"]}]},{\"@type\":\"ImageObject\",\"inLanguage\":\"en-GB\",\"@id\":\"https:\/\/viinitilameggala.fi\/venesjarven-kyla\/#primaryimage\",\"url\":\"https:\/\/viinitilameggala.fi\/wp-content\/uploads\/2024\/07\/4e274cba-4fce-4892-8d0a-6aca96a04dc6.jpg\",\"contentUrl\":\"https:\/\/viinitilameggala.fi\/wp-content\/uploads\/2024\/07\/4e274cba-4fce-4892-8d0a-6aca96a04dc6.jpg\",\"width\":1599,\"height\":1200},{\"@type\":\"BreadcrumbList\",\"@id\":\"https:\/\/viinitilameggala.fi\/venesjarven-kyla\/#breadcrumb\",\"itemListElement\":[{\"@type\":\"ListItem\",\"position\":1,\"name\":\"Etusivu\",\"item\":\"https:\/\/viinitilameggala.fi\/\"},{\"@type\":\"ListItem\",\"position\":2,\"name\":\"Venesj\u00e4rven kyl\u00e4\"}]},{\"@type\":\"WebSite\",\"@id\":\"https:\/\/viinitilameggala.fi\/#website\",\"url\":\"https:\/\/viinitilameggala.fi\/\",\"name\":\"Viinitila Meggala\",\"description\":\"Laadukkaita viinej\u00e4 joka hetkeen\",\"potentialAction\":[{\"@type\":\"SearchAction\",\"target\":{\"@type\":\"EntryPoint\",\"urlTemplate\":\"https:\/\/viinitilameggala.fi\/?s={search_term_string}\"},\"query-input\":{\"@type\":\"PropertyValueSpecification\",\"valueRequired\":true,\"valueName\":\"search_term_string\"}}],\"inLanguage\":\"en-GB\"}]}<\/script>\n<!-- \/ Yoast SEO plugin. -->","yoast_head_json":{"title":"L\u00e4mpim\u00e4sti tervetuloa asumaan Venesj\u00e4rvelle | Viinitila Meggala","description":"Kyl\u00e4ll\u00e4 toimii koulu, p\u00e4iv\u00e4koti, eskari ja iltap\u00e4iv\u00e4kerho. J\u00e4rven rannassa on suosittu kaupungin uimaranta ja venelaituri.","robots":{"index":"index","follow":"follow","max-snippet":"max-snippet:-1","max-image-preview":"max-image-preview:large","max-video-preview":"max-video-preview:-1"},"canonical":"https:\/\/viinitilameggala.fi\/en\/venesjarven-kyla\/","og_locale":"en_GB","og_type":"article","og_title":"L\u00e4mpim\u00e4sti tervetuloa asumaan Venesj\u00e4rvelle | Viinitila Meggala","og_description":"Kyl\u00e4ll\u00e4 toimii koulu, p\u00e4iv\u00e4koti, eskari ja iltap\u00e4iv\u00e4kerho. J\u00e4rven rannassa on suosittu kaupungin uimaranta ja venelaituri.","og_url":"https:\/\/viinitilameggala.fi\/en\/venesjarven-kyla\/","og_site_name":"Viinitila Meggala","article_modified_time":"2024-10-15T12:37:51+00:00","og_image":[{"width":1599,"height":1200,"url":"https:\/\/viinitilameggala.fi\/wp-content\/uploads\/2024\/07\/4e274cba-4fce-4892-8d0a-6aca96a04dc6.jpg","type":"image\/jpeg"}],"twitter_card":"summary_large_image","twitter_misc":{"Estimated reading time":"1 minute"},"schema":{"@context":"https:\/\/schema.org","@graph":[{"@type":"WebPage","@id":"https:\/\/viinitilameggala.fi\/venesjarven-kyla\/","url":"https:\/\/viinitilameggala.fi\/venesjarven-kyla\/","name":"L\u00e4mpim\u00e4sti tervetuloa asumaan Venesj\u00e4rvelle | Viinitila Meggala","isPartOf":{"@id":"https:\/\/viinitilameggala.fi\/#website"},"primaryImageOfPage":{"@id":"https:\/\/viinitilameggala.fi\/venesjarven-kyla\/#primaryimage"},"image":{"@id":"https:\/\/viinitilameggala.fi\/venesjarven-kyla\/#primaryimage"},"thumbnailUrl":"https:\/\/viinitilameggala.fi\/wp-content\/uploads\/2024\/07\/4e274cba-4fce-4892-8d0a-6aca96a04dc6.jpg","datePublished":"2024-07-02T08:47:47+00:00","dateModified":"2024-10-15T12:37:51+00:00","description":"Kyl\u00e4ll\u00e4 toimii koulu, p\u00e4iv\u00e4koti, eskari ja iltap\u00e4iv\u00e4kerho. J\u00e4rven rannassa on suosittu kaupungin uimaranta ja venelaituri.","breadcrumb":{"@id":"https:\/\/viinitilameggala.fi\/venesjarven-kyla\/#breadcrumb"},"inLanguage":"en-GB","potentialAction":[{"@type":"ReadAction","target":["https:\/\/viinitilameggala.fi\/venesjarven-kyla\/"]}]},{"@type":"ImageObject","inLanguage":"en-GB","@id":"https:\/\/viinitilameggala.fi\/venesjarven-kyla\/#primaryimage","url":"https:\/\/viinitilameggala.fi\/wp-content\/uploads\/2024\/07\/4e274cba-4fce-4892-8d0a-6aca96a04dc6.jpg","contentUrl":"https:\/\/viinitilameggala.fi\/wp-content\/uploads\/2024\/07\/4e274cba-4fce-4892-8d0a-6aca96a04dc6.jpg","width":1599,"height":1200},{"@type":"BreadcrumbList","@id":"https:\/\/viinitilameggala.fi\/venesjarven-kyla\/#breadcrumb","itemListElement":[{"@type":"ListItem","position":1,"name":"Etusivu","item":"https:\/\/viinitilameggala.fi\/"},{"@type":"ListItem","position":2,"name":"Venesj\u00e4rven kyl\u00e4"}]},{"@type":"WebSite","@id":"https:\/\/viinitilameggala.fi\/#website","url":"https:\/\/viinitilameggala.fi\/","name":"Viinitila Meggala","description":"Laadukkaita viinej\u00e4 joka hetkeen","potentialAction":[{"@type":"SearchAction","target":{"@type":"EntryPoint","urlTemplate":"https:\/\/viinitilameggala.fi\/?s={search_term_string}"},"query-input":{"@type":"PropertyValueSpecification","valueRequired":true,"valueName":"search_term_string"}}],"inLanguage":"en-GB"}]}},"_links":{"self":[{"href":"https:\/\/viinitilameggala.fi\/en\/wp-json\/wp\/v2\/pages\/270","targetHints":{"allow":["GET"]}}],"collection":[{"href":"https:\/\/viinitilameggala.fi\/en\/wp-json\/wp\/v2\/pages"}],"about":[{"href":"https:\/\/viinitilameggala.fi\/en\/wp-json\/wp\/v2\/types\/page"}],"author":[{"embeddable":true,"href":"https:\/\/viinitilameggala.fi\/en\/wp-json\/wp\/v2\/users\/1"}],"replies":[{"embeddable":true,"href":"https:\/\/viinitilameggala.fi\/en\/wp-json\/wp\/v2\/comments?post=270"}],"version-history":[{"count":16,"href":"https:\/\/viinitilameggala.fi\/en\/wp-json\/wp\/v2\/pages\/270\/revisions"}],"predecessor-version":[{"id":721,"href":"https:\/\/viinitilameggala.fi\/en\/wp-json\/wp\/v2\/pages\/270\/revisions\/721"}],"wp:featuredmedia":[{"embeddable":true,"href":"https:\/\/viinitilameggala.fi\/en\/wp-json\/wp\/v2\/media\/272"}],"wp:attachment":[{"href":"https:\/\/viinitilameggala.fi\/en\/wp-json\/wp\/v2\/media?parent=270"}],"curies":[{"name":"wp","href":"https:\/\/api.w.org\/{rel}","templated":true}]}}