{"id":36,"date":"2024-06-19T09:12:15","date_gmt":"2024-06-19T09:12:15","guid":{"rendered":"https:\/\/viinitilameggala.fi\/?page_id=36"},"modified":"2025-07-06T12:00:09","modified_gmt":"2025-07-06T12:00:09","slug":"kahvila-ja-anniskelu","status":"publish","type":"page","link":"https:\/\/viinitilameggala.fi\/en\/kahvila-ja-anniskelu\/","title":{"rendered":"Caf\u00e9 &amp; Pub Restaurant"},"content":{"rendered":"<div data-elementor-type=\"wp-page\" data-elementor-id=\"36\" class=\"elementor elementor-36\" data-elementor-post-type=\"page\">\n\t\t\t\t\t\t<section class=\"elementor-section elementor-top-section elementor-element elementor-element-af0648f elementor-section-boxed elementor-section-height-default elementor-section-height-default\" data-id=\"af0648f\" data-element_type=\"section\" data-settings=\"{&quot;background_background&quot;:&quot;classic&quot;,&quot;shape_divider_bottom&quot;:&quot;waves&quot;}\">\n\t\t\t\t\t\t\t<div class=\"elementor-background-overlay\"><\/div>\n\t\t\t\t\t\t<div class=\"elementor-shape elementor-shape-bottom\" data-negative=\"false\">\n\t\t\t<svg xmlns=\"http:\/\/www.w3.org\/2000\/svg\" viewbox=\"0 0 1000 100\" preserveaspectratio=\"none\">\n\t<path class=\"elementor-shape-fill\" d=\"M421.9,6.5c22.6-2.5,51.5,0.4,75.5,5.3c23.6,4.9,70.9,23.5,100.5,35.7c75.8,32.2,133.7,44.5,192.6,49.7\tc23.6,2.1,48.7,3.5,103.4-2.5c54.7-6,106.2-25.6,106.2-25.6V0H0v30.3c0,0,72,32.6,158.4,30.5c39.2-0.7,92.8-6.7,134-22.4\tc21.2-8.1,52.2-18.2,79.7-24.2C399.3,7.9,411.6,7.5,421.9,6.5z\"\/>\n<\/svg>\t\t<\/div>\n\t\t\t\t\t<div class=\"elementor-container elementor-column-gap-default\">\n\t\t\t\t\t<div class=\"elementor-column elementor-col-50 elementor-top-column elementor-element elementor-element-c796416\" data-id=\"c796416\" data-element_type=\"column\">\n\t\t\t<div class=\"elementor-widget-wrap elementor-element-populated\">\n\t\t\t\t\t\t<div class=\"elementor-element elementor-element-bb9ce7a elementor-widget elementor-widget-heading\" data-id=\"bb9ce7a\" data-element_type=\"widget\" data-widget_type=\"heading.default\">\n\t\t\t\t<div class=\"elementor-widget-container\">\n\t\t\t<h2 class=\"elementor-heading-title elementor-size-default\">Cafe &amp; Pub Restaurant<\/h2>\t\t<\/div>\n\t\t\t\t<\/div>\n\t\t\t\t\t<\/div>\n\t\t<\/div>\n\t\t\t\t<div class=\"elementor-column elementor-col-50 elementor-top-column elementor-element elementor-element-052fc6f\" data-id=\"052fc6f\" data-element_type=\"column\">\n\t\t\t<div class=\"elementor-widget-wrap\">\n\t\t\t\t\t\t\t<\/div>\n\t\t<\/div>\n\t\t\t\t\t<\/div>\n\t\t<\/section>\n\t\t\t\t<section class=\"elementor-section elementor-top-section elementor-element elementor-element-b2b79ae elementor-section-boxed elementor-section-height-default elementor-section-height-default\" data-id=\"b2b79ae\" data-element_type=\"section\">\n\t\t\t\t\t\t<div class=\"elementor-container elementor-column-gap-default\">\n\t\t\t\t\t<div class=\"elementor-column elementor-col-100 elementor-top-column elementor-element elementor-element-35e75b0\" data-id=\"35e75b0\" data-element_type=\"column\">\n\t\t\t<div class=\"elementor-widget-wrap elementor-element-populated\">\n\t\t\t\t\t\t<div class=\"elementor-element elementor-element-db666bb elementor-widget elementor-widget-heading\" data-id=\"db666bb\" data-element_type=\"widget\" data-widget_type=\"heading.default\">\n\t\t\t\t<div class=\"elementor-widget-container\">\n\t\t\t<h2 class=\"elementor-heading-title elementor-size-default\">Kahvilan aukioloajat\n<\/h2>\t\t<\/div>\n\t\t\t\t<\/div>\n\t\t\t\t<div class=\"elementor-element elementor-element-197d87e elementor-widget elementor-widget-text-editor\" data-id=\"197d87e\" data-element_type=\"widget\" data-widget_type=\"text-editor.default\">\n\t\t\t\t<div class=\"elementor-widget-container\">\n\t\t\t\t\t\t\t<p>Opening Hours<\/p>\t\t\t\t\t\t<\/div>\n\t\t\t\t<\/div>\n\t\t\t\t<div class=\"elementor-element elementor-element-153ed0a elementor-icon-list--layout-traditional elementor-list-item-link-full_width elementor-widget elementor-widget-icon-list\" data-id=\"153ed0a\" data-element_type=\"widget\" data-widget_type=\"icon-list.default\">\n\t\t\t\t<div class=\"elementor-widget-container\">\n\t\t\t\t\t<ul class=\"elementor-icon-list-items\">\n\t\t\t\t\t\t\t<li class=\"elementor-icon-list-item\">\n\t\t\t\t\t\t\t\t\t\t\t<span class=\"elementor-icon-list-icon\">\n\t\t\t\t\t\t\t<svg aria-hidden=\"true\" class=\"e-font-icon-svg e-far-clock\" viewbox=\"0 0 512 512\" xmlns=\"http:\/\/www.w3.org\/2000\/svg\"><path d=\"M256 8C119 8 8 119 8 256s111 248 248 248 248-111 248-248S393 8 256 8zm0 448c-110.5 0-200-89.5-200-200S145.5 56 256 56s200 89.5 200 200-89.5 200-200 200zm61.8-104.4l-84.9-61.7c-3.1-2.3-4.9-5.9-4.9-9.7V116c0-6.6 5.4-12 12-12h32c6.6 0 12 5.4 12 12v141.7l66.8 48.6c5.4 3.9 6.5 11.4 2.6 16.8L334.6 349c-3.9 5.3-11.4 6.5-16.8 2.6z\"><\/path><\/svg>\t\t\t\t\t\t<\/span>\n\t\t\t\t\t\t\t\t\t\t<span class=\"elementor-icon-list-text\"><br>Kahvila avoinna viinitilan aukioloaikoina. Aukioloajat n\u00e4et yhteystiedot v\u00e4lilehdelt\u00e4 tai googlesta. L\u00e4mpim\u00e4sti tervetuloa. <br><br>Tyhyp\u00e4ivien ja tilaisuuksien varaukset ja tarjouspyynn\u00f6t 050 3553878 tai meggalaoy@gmail.com<\/span>\n\t\t\t\t\t\t\t\t\t<\/li>\n\t\t\t\t\t\t<\/ul>\n\t\t\t\t<\/div>\n\t\t\t\t<\/div>\n\t\t\t\t<div class=\"elementor-element elementor-element-272bece elementor-widget elementor-widget-text-editor\" data-id=\"272bece\" data-element_type=\"widget\" data-widget_type=\"text-editor.default\">\n\t\t\t\t<div class=\"elementor-widget-container\">\n\t\t\t\t\t\t\t<p><span class=\"wysiwyg-font-size-20\">Other times by appointment.<br><\/span><br><span class=\"wysiwyg-font-size-20\">A warm welcome to enjoy the wines, the atmosphere and the good service!<\/span><br><span class=\"wysiwyg-font-size-20\">The restaurant is open by reservation.<\/span><\/p>\n<p>Ravintolassamme ja kahvilassa tarjolla&nbsp; pient\u00e4 purtavaa, j\u00e4\u00e4tel\u00f6t\u00f6tter\u00f6it\u00e4, juustoannoksia, kahvia, muita virvokkeita, olutta, siidereit\u00e4, viinej\u00e4, drinkkej\u00e4.&nbsp; Alacarte-annoksia ravintolap\u00e4ivin\u00e4 sek\u00e4 tilauksesta. Ravintolan yhteydess\u00e4 on idyllisell\u00e4 maalaismaisemalla varustettu terassi, jossa voit nauttia viinitilan ravintolan antimia.<\/p>\n<p>Various packages are available on request, wine tastings, bachelor parties, birthdays, small parties, other celebrations, meetings, wine hut tours and ala carte dinners.<\/p>\t\t\t\t\t\t<\/div>\n\t\t\t\t<\/div>\n\t\t\t\t<div class=\"elementor-element elementor-element-cd0e10b elementor-widget elementor-widget-button\" data-id=\"cd0e10b\" data-element_type=\"widget\" data-widget_type=\"button.default\">\n\t\t\t\t<div class=\"elementor-widget-container\">\n\t\t\t\t\t<div class=\"elementor-button-wrapper\">\n\t\t\t<a class=\"elementor-button elementor-button-link elementor-size-sm\" href=\"tel:0503553878\">\n\t\t\t\t\t\t<span class=\"elementor-button-content-wrapper\">\n\t\t\t\t\t\t\t\t\t<span class=\"elementor-button-text\">Ask More<\/span>\n\t\t\t\t\t<\/span>\n\t\t\t\t\t<\/a>\n\t\t<\/div>\n\t\t\t\t<\/div>\n\t\t\t\t<\/div>\n\t\t\t\t\t<\/div>\n\t\t<\/div>\n\t\t\t\t\t<\/div>\n\t\t<\/section>\n\t\t\t\t<section class=\"elementor-section elementor-top-section elementor-element elementor-element-ef17749 elementor-section-boxed elementor-section-height-default elementor-section-height-default\" data-id=\"ef17749\" data-element_type=\"section\">\n\t\t\t\t\t\t<div class=\"elementor-container elementor-column-gap-default\">\n\t\t\t\t\t<div class=\"elementor-column elementor-col-100 elementor-top-column elementor-element elementor-element-063b5b3\" data-id=\"063b5b3\" data-element_type=\"column\">\n\t\t\t<div class=\"elementor-widget-wrap elementor-element-populated\">\n\t\t\t\t\t\t<section class=\"elementor-section elementor-inner-section elementor-element elementor-element-d1c15ff elementor-section-full_width elementor-section-height-default elementor-section-height-default\" data-id=\"d1c15ff\" data-element_type=\"section\">\n\t\t\t\t\t\t<div class=\"elementor-container elementor-column-gap-default\">\n\t\t\t\t\t<div class=\"elementor-column elementor-col-33 elementor-inner-column elementor-element elementor-element-156a43d\" data-id=\"156a43d\" data-element_type=\"column\" data-settings=\"{&quot;background_background&quot;:&quot;classic&quot;}\">\n\t\t\t<div class=\"elementor-widget-wrap elementor-element-populated\">\n\t\t\t\t\t<div class=\"elementor-background-overlay\"><\/div>\n\t\t\t\t\t\t<div class=\"elementor-element elementor-element-bccd0b2 elementor-widget elementor-widget-heading\" data-id=\"bccd0b2\" data-element_type=\"widget\" data-widget_type=\"heading.default\">\n\t\t\t\t<div class=\"elementor-widget-container\">\n\t\t\t<h2 class=\"elementor-heading-title elementor-size-default\">Meetings<\/h2>\t\t<\/div>\n\t\t\t\t<\/div>\n\t\t\t\t<div class=\"elementor-element elementor-element-c2b334e elementor-widget elementor-widget-text-editor\" data-id=\"c2b334e\" data-element_type=\"widget\" data-widget_type=\"text-editor.default\">\n\t\t\t\t<div class=\"elementor-widget-container\">\n\t\t\t\t\t\t\t<p>You can hold meetings in our facilities. The size of the room is max 40-50 people. Coffee, catering etc. can be ordered from us. In warm weather, you can organise a meeting for up to 40 people on the covered terrace.<\/p><p>In summer, the total capacity is about 80 people, including indoor and outdoor spaces.<\/p>\t\t\t\t\t\t<\/div>\n\t\t\t\t<\/div>\n\t\t\t\t\t<\/div>\n\t\t<\/div>\n\t\t\t\t<div class=\"elementor-column elementor-col-33 elementor-inner-column elementor-element elementor-element-bc35d02\" data-id=\"bc35d02\" data-element_type=\"column\" data-settings=\"{&quot;background_background&quot;:&quot;classic&quot;}\">\n\t\t\t<div class=\"elementor-widget-wrap elementor-element-populated\">\n\t\t\t\t\t<div class=\"elementor-background-overlay\"><\/div>\n\t\t\t\t\t\t<div class=\"elementor-element elementor-element-c572094 elementor-widget elementor-widget-heading\" data-id=\"c572094\" data-element_type=\"widget\" data-widget_type=\"heading.default\">\n\t\t\t\t<div class=\"elementor-widget-container\">\n\t\t\t<h2 class=\"elementor-heading-title elementor-size-default\">Parties<\/h2>\t\t<\/div>\n\t\t\t\t<\/div>\n\t\t\t\t<div class=\"elementor-element elementor-element-5b01844 elementor-widget elementor-widget-text-editor\" data-id=\"5b01844\" data-element_type=\"widget\" data-widget_type=\"text-editor.default\">\n\t\t\t\t<div class=\"elementor-widget-container\">\n\t\t\t\t\t\t\t<section id=\"page-zones__main-widgets__6012cd097dc6e-zones__6012cd09ae86c\" class=\"bk-zone column columns-three-middle\" data-uniqueid=\"ozDcKRmd8hvDQdO\" data-parentuniqueid=\"3c5B0DzdJKkQMAN\"><div id=\"page-zones__main-widgets__6012cd097dc6e-zones__6012cd09ae86c-widgets__6012cd09bebd9\" class=\"widget widget--zone-widget js-widget\" data-name=\"content\" data-uniqueid=\"1BbiZPjnSwXtSlN\" data-parentuniqueid=\"ozDcKRmd8hvDQdO\"><div class=\"bk-content-text  content  widget__content    wysihtml-editor-content\"><p>We can easily and effortlessly organise birthdays and other celebrations to suit your needs. We can offer you a traditional Satakunta banquet or other options.<\/p><\/div><\/div><\/section>\t\t\t\t\t\t<\/div>\n\t\t\t\t<\/div>\n\t\t\t\t\t<\/div>\n\t\t<\/div>\n\t\t\t\t<div class=\"elementor-column elementor-col-33 elementor-inner-column elementor-element elementor-element-10a672d\" data-id=\"10a672d\" data-element_type=\"column\" data-settings=\"{&quot;background_background&quot;:&quot;classic&quot;}\">\n\t\t\t<div class=\"elementor-widget-wrap elementor-element-populated\">\n\t\t\t\t\t<div class=\"elementor-background-overlay\"><\/div>\n\t\t\t\t\t\t<div class=\"elementor-element elementor-element-33f84a0 elementor-widget elementor-widget-heading\" data-id=\"33f84a0\" data-element_type=\"widget\" data-widget_type=\"heading.default\">\n\t\t\t\t<div class=\"elementor-widget-container\">\n\t\t\t<h2 class=\"elementor-heading-title elementor-size-default\">Wine Tasting<\/h2>\t\t<\/div>\n\t\t\t\t<\/div>\n\t\t\t\t<div class=\"elementor-element elementor-element-b463172 elementor-widget elementor-widget-text-editor\" data-id=\"b463172\" data-element_type=\"widget\" data-widget_type=\"text-editor.default\">\n\t\t\t\t<div class=\"elementor-widget-container\">\n\t\t\t\t\t\t\t<div><span class=\"wysiwyg-font-size-16\">Meggala wine tasting is an experience of the world of Lake Venosta wines. During the tasting we taste three wines or ciders of your choice. The programme also includes a wine tasting guide. A great gift idea. <\/span><\/div><div><span class=\"wysiwyg-font-size-16\"><em><strong>Price from 25\u20ac.<\/strong><\/em><br \/><\/span><\/div>\t\t\t\t\t\t<\/div>\n\t\t\t\t<\/div>\n\t\t\t\t\t<\/div>\n\t\t<\/div>\n\t\t\t\t\t<\/div>\n\t\t<\/section>\n\t\t\t\t\t<\/div>\n\t\t<\/div>\n\t\t\t\t\t<\/div>\n\t\t<\/section>\n\t\t\t\t<section class=\"elementor-section elementor-top-section elementor-element elementor-element-d17dd66 elementor-section-boxed elementor-section-height-default elementor-section-height-default\" data-id=\"d17dd66\" data-element_type=\"section\">\n\t\t\t\t\t\t<div class=\"elementor-container elementor-column-gap-default\">\n\t\t\t\t\t<div class=\"elementor-column elementor-col-100 elementor-top-column elementor-element elementor-element-3a3f7ba\" data-id=\"3a3f7ba\" data-element_type=\"column\">\n\t\t\t<div class=\"elementor-widget-wrap elementor-element-populated\">\n\t\t\t\t\t\t<div class=\"elementor-element elementor-element-614dcec elementor-align-center elementor-widget elementor-widget-button\" data-id=\"614dcec\" data-element_type=\"widget\" data-widget_type=\"button.default\">\n\t\t\t\t<div class=\"elementor-widget-container\">\n\t\t\t\t\t<div class=\"elementor-button-wrapper\">\n\t\t\t<a class=\"elementor-button elementor-button-link elementor-size-sm\" href=\"https:\/\/viinitilameggala.fi\/en\/yhteystiedot\/\">\n\t\t\t\t\t\t<span class=\"elementor-button-content-wrapper\">\n\t\t\t\t\t\t\t\t\t<span class=\"elementor-button-text\">Contact Us<\/span>\n\t\t\t\t\t<\/span>\n\t\t\t\t\t<\/a>\n\t\t<\/div>\n\t\t\t\t<\/div>\n\t\t\t\t<\/div>\n\t\t\t\t\t<\/div>\n\t\t<\/div>\n\t\t\t\t\t<\/div>\n\t\t<\/section>\n\t\t\t\t<\/div>","protected":false},"excerpt":{"rendered":"<p>Kahvila &amp; anniskeluravintola Kahvilan aukioloajat Aukioloajat: Kahvila avoinna viinitilan aukioloaikoina. Aukioloajat n\u00e4et yhteystiedot v\u00e4lilehdelt\u00e4 tai googlesta. L\u00e4mpim\u00e4sti tervetuloa. Tyhyp\u00e4ivien ja [&hellip;]<\/p>","protected":false},"author":1,"featured_media":241,"parent":0,"menu_order":0,"comment_status":"closed","ping_status":"closed","template":"","meta":{"site-sidebar-layout":"no-sidebar","site-content-layout":"","ast-site-content-layout":"full-width-container","site-content-style":"default","site-sidebar-style":"default","ast-global-header-display":"","ast-banner-title-visibility":"","ast-main-header-display":"","ast-hfb-above-header-display":"","ast-hfb-below-header-display":"","ast-hfb-mobile-header-display":"","site-post-title":"disabled","ast-breadcrumbs-content":"","ast-featured-img":"disabled","footer-sml-layout":"","theme-transparent-header-meta":"","adv-header-id-meta":"","stick-header-meta":"","header-above-stick-meta":"","header-main-stick-meta":"","header-below-stick-meta":"","astra-migrate-meta-layouts":"default","ast-page-background-enabled":"default","ast-page-background-meta":{"desktop":{"background-color":"var(--ast-global-color-4)","background-image":"","background-repeat":"repeat","background-position":"center center","background-size":"auto","background-attachment":"scroll","background-type":"","background-media":"","overlay-type":"","overlay-color":"","overlay-opacity":"","overlay-gradient":""},"tablet":{"background-color":"","background-image":"","background-repeat":"repeat","background-position":"center center","background-size":"auto","background-attachment":"scroll","background-type":"","background-media":"","overlay-type":"","overlay-color":"","overlay-opacity":"","overlay-gradient":""},"mobile":{"background-color":"","background-image":"","background-repeat":"repeat","background-position":"center center","background-size":"auto","background-attachment":"scroll","background-type":"","background-media":"","overlay-type":"","overlay-color":"","overlay-opacity":"","overlay-gradient":""}},"ast-content-background-meta":{"desktop":{"background-color":"var(--ast-global-color-5)","background-image":"","background-repeat":"repeat","background-position":"center center","background-size":"auto","background-attachment":"scroll","background-type":"","background-media":"","overlay-type":"","overlay-color":"","overlay-opacity":"","overlay-gradient":""},"tablet":{"background-color":"var(--ast-global-color-5)","background-image":"","background-repeat":"repeat","background-position":"center center","background-size":"auto","background-attachment":"scroll","background-type":"","background-media":"","overlay-type":"","overlay-color":"","overlay-opacity":"","overlay-gradient":""},"mobile":{"background-color":"var(--ast-global-color-5)","background-image":"","background-repeat":"repeat","background-position":"center center","background-size":"auto","background-attachment":"scroll","background-type":"","background-media":"","overlay-type":"","overlay-color":"","overlay-opacity":"","overlay-gradient":""}},"footnotes":""},"class_list":["post-36","page","type-page","status-publish","has-post-thumbnail","hentry"],"yoast_head":"<!-- This site is optimized with the Yoast SEO plugin v23.6 - https:\/\/yoast.com\/wordpress\/plugins\/seo\/ -->\n<title>Kahvila &amp; anniskeluravintola | Viinitila Meggala<\/title>\n<meta name=\"description\" content=\"Anniskeluravintola on avoinna myym\u00e4l\u00e4n aukioloaikoina. L\u00e4mpim\u00e4sti tervetuloa nauttimaan viineist\u00e4 ja tunnelmasta sek\u00e4 hyv\u00e4st\u00e4 palvelusta!\" \/>\n<meta name=\"robots\" content=\"index, follow, max-snippet:-1, max-image-preview:large, max-video-preview:-1\" \/>\n<link rel=\"canonical\" href=\"https:\/\/viinitilameggala.fi\/en\/kahvila-ja-anniskelu\/\" \/>\n<meta property=\"og:locale\" content=\"en_GB\" \/>\n<meta property=\"og:type\" content=\"article\" \/>\n<meta property=\"og:title\" content=\"Kahvila &amp; anniskeluravintola | Viinitila Meggala\" \/>\n<meta property=\"og:description\" content=\"Anniskeluravintola on avoinna myym\u00e4l\u00e4n aukioloaikoina. L\u00e4mpim\u00e4sti tervetuloa nauttimaan viineist\u00e4 ja tunnelmasta sek\u00e4 hyv\u00e4st\u00e4 palvelusta!\" \/>\n<meta property=\"og:url\" content=\"https:\/\/viinitilameggala.fi\/en\/kahvila-ja-anniskelu\/\" \/>\n<meta property=\"og:site_name\" content=\"Viinitila Meggala\" \/>\n<meta property=\"article:modified_time\" content=\"2025-07-06T12:00:09+00:00\" \/>\n<meta property=\"og:image\" content=\"https:\/\/viinitilameggala.fi\/wp-content\/uploads\/2024\/07\/de580992-28b4-4575-a9d8-c27c57159d43.jpg\" \/>\n\t<meta property=\"og:image:width\" content=\"2048\" \/>\n\t<meta property=\"og:image:height\" content=\"2048\" \/>\n\t<meta property=\"og:image:type\" content=\"image\/jpeg\" \/>\n<meta name=\"twitter:card\" content=\"summary_large_image\" \/>\n<meta name=\"twitter:label1\" content=\"Estimated reading time\" \/>\n\t<meta name=\"twitter:data1\" content=\"2 minutes\" \/>\n<script type=\"application\/ld+json\" class=\"yoast-schema-graph\">{\"@context\":\"https:\/\/schema.org\",\"@graph\":[{\"@type\":\"WebPage\",\"@id\":\"https:\/\/viinitilameggala.fi\/kahvila-ja-anniskelu\/\",\"url\":\"https:\/\/viinitilameggala.fi\/kahvila-ja-anniskelu\/\",\"name\":\"Kahvila & anniskeluravintola | Viinitila Meggala\",\"isPartOf\":{\"@id\":\"https:\/\/viinitilameggala.fi\/#website\"},\"primaryImageOfPage\":{\"@id\":\"https:\/\/viinitilameggala.fi\/kahvila-ja-anniskelu\/#primaryimage\"},\"image\":{\"@id\":\"https:\/\/viinitilameggala.fi\/kahvila-ja-anniskelu\/#primaryimage\"},\"thumbnailUrl\":\"https:\/\/viinitilameggala.fi\/wp-content\/uploads\/2024\/07\/de580992-28b4-4575-a9d8-c27c57159d43.jpg\",\"datePublished\":\"2024-06-19T09:12:15+00:00\",\"dateModified\":\"2025-07-06T12:00:09+00:00\",\"description\":\"Anniskeluravintola on avoinna myym\u00e4l\u00e4n aukioloaikoina. L\u00e4mpim\u00e4sti tervetuloa nauttimaan viineist\u00e4 ja tunnelmasta sek\u00e4 hyv\u00e4st\u00e4 palvelusta!\",\"breadcrumb\":{\"@id\":\"https:\/\/viinitilameggala.fi\/kahvila-ja-anniskelu\/#breadcrumb\"},\"inLanguage\":\"en-GB\",\"potentialAction\":[{\"@type\":\"ReadAction\",\"target\":[\"https:\/\/viinitilameggala.fi\/kahvila-ja-anniskelu\/\"]}]},{\"@type\":\"ImageObject\",\"inLanguage\":\"en-GB\",\"@id\":\"https:\/\/viinitilameggala.fi\/kahvila-ja-anniskelu\/#primaryimage\",\"url\":\"https:\/\/viinitilameggala.fi\/wp-content\/uploads\/2024\/07\/de580992-28b4-4575-a9d8-c27c57159d43.jpg\",\"contentUrl\":\"https:\/\/viinitilameggala.fi\/wp-content\/uploads\/2024\/07\/de580992-28b4-4575-a9d8-c27c57159d43.jpg\",\"width\":2048,\"height\":2048},{\"@type\":\"BreadcrumbList\",\"@id\":\"https:\/\/viinitilameggala.fi\/kahvila-ja-anniskelu\/#breadcrumb\",\"itemListElement\":[{\"@type\":\"ListItem\",\"position\":1,\"name\":\"Etusivu\",\"item\":\"https:\/\/viinitilameggala.fi\/\"},{\"@type\":\"ListItem\",\"position\":2,\"name\":\"Kahvila ja anniskelu\"}]},{\"@type\":\"WebSite\",\"@id\":\"https:\/\/viinitilameggala.fi\/#website\",\"url\":\"https:\/\/viinitilameggala.fi\/\",\"name\":\"Viinitila Meggala\",\"description\":\"Laadukkaita viinej\u00e4 joka hetkeen\",\"potentialAction\":[{\"@type\":\"SearchAction\",\"target\":{\"@type\":\"EntryPoint\",\"urlTemplate\":\"https:\/\/viinitilameggala.fi\/?s={search_term_string}\"},\"query-input\":{\"@type\":\"PropertyValueSpecification\",\"valueRequired\":true,\"valueName\":\"search_term_string\"}}],\"inLanguage\":\"en-GB\"}]}<\/script>\n<!-- \/ Yoast SEO plugin. -->","yoast_head_json":{"title":"Kahvila & anniskeluravintola | Viinitila Meggala","description":"Anniskeluravintola on avoinna myym\u00e4l\u00e4n aukioloaikoina. L\u00e4mpim\u00e4sti tervetuloa nauttimaan viineist\u00e4 ja tunnelmasta sek\u00e4 hyv\u00e4st\u00e4 palvelusta!","robots":{"index":"index","follow":"follow","max-snippet":"max-snippet:-1","max-image-preview":"max-image-preview:large","max-video-preview":"max-video-preview:-1"},"canonical":"https:\/\/viinitilameggala.fi\/en\/kahvila-ja-anniskelu\/","og_locale":"en_GB","og_type":"article","og_title":"Kahvila & anniskeluravintola | Viinitila Meggala","og_description":"Anniskeluravintola on avoinna myym\u00e4l\u00e4n aukioloaikoina. L\u00e4mpim\u00e4sti tervetuloa nauttimaan viineist\u00e4 ja tunnelmasta sek\u00e4 hyv\u00e4st\u00e4 palvelusta!","og_url":"https:\/\/viinitilameggala.fi\/en\/kahvila-ja-anniskelu\/","og_site_name":"Viinitila Meggala","article_modified_time":"2025-07-06T12:00:09+00:00","og_image":[{"width":2048,"height":2048,"url":"https:\/\/viinitilameggala.fi\/wp-content\/uploads\/2024\/07\/de580992-28b4-4575-a9d8-c27c57159d43.jpg","type":"image\/jpeg"}],"twitter_card":"summary_large_image","twitter_misc":{"Estimated reading time":"2 minutes"},"schema":{"@context":"https:\/\/schema.org","@graph":[{"@type":"WebPage","@id":"https:\/\/viinitilameggala.fi\/kahvila-ja-anniskelu\/","url":"https:\/\/viinitilameggala.fi\/kahvila-ja-anniskelu\/","name":"Kahvila & anniskeluravintola | Viinitila Meggala","isPartOf":{"@id":"https:\/\/viinitilameggala.fi\/#website"},"primaryImageOfPage":{"@id":"https:\/\/viinitilameggala.fi\/kahvila-ja-anniskelu\/#primaryimage"},"image":{"@id":"https:\/\/viinitilameggala.fi\/kahvila-ja-anniskelu\/#primaryimage"},"thumbnailUrl":"https:\/\/viinitilameggala.fi\/wp-content\/uploads\/2024\/07\/de580992-28b4-4575-a9d8-c27c57159d43.jpg","datePublished":"2024-06-19T09:12:15+00:00","dateModified":"2025-07-06T12:00:09+00:00","description":"Anniskeluravintola on avoinna myym\u00e4l\u00e4n aukioloaikoina. L\u00e4mpim\u00e4sti tervetuloa nauttimaan viineist\u00e4 ja tunnelmasta sek\u00e4 hyv\u00e4st\u00e4 palvelusta!","breadcrumb":{"@id":"https:\/\/viinitilameggala.fi\/kahvila-ja-anniskelu\/#breadcrumb"},"inLanguage":"en-GB","potentialAction":[{"@type":"ReadAction","target":["https:\/\/viinitilameggala.fi\/kahvila-ja-anniskelu\/"]}]},{"@type":"ImageObject","inLanguage":"en-GB","@id":"https:\/\/viinitilameggala.fi\/kahvila-ja-anniskelu\/#primaryimage","url":"https:\/\/viinitilameggala.fi\/wp-content\/uploads\/2024\/07\/de580992-28b4-4575-a9d8-c27c57159d43.jpg","contentUrl":"https:\/\/viinitilameggala.fi\/wp-content\/uploads\/2024\/07\/de580992-28b4-4575-a9d8-c27c57159d43.jpg","width":2048,"height":2048},{"@type":"BreadcrumbList","@id":"https:\/\/viinitilameggala.fi\/kahvila-ja-anniskelu\/#breadcrumb","itemListElement":[{"@type":"ListItem","position":1,"name":"Etusivu","item":"https:\/\/viinitilameggala.fi\/"},{"@type":"ListItem","position":2,"name":"Kahvila ja anniskelu"}]},{"@type":"WebSite","@id":"https:\/\/viinitilameggala.fi\/#website","url":"https:\/\/viinitilameggala.fi\/","name":"Viinitila Meggala","description":"Laadukkaita viinej\u00e4 joka hetkeen","potentialAction":[{"@type":"SearchAction","target":{"@type":"EntryPoint","urlTemplate":"https:\/\/viinitilameggala.fi\/?s={search_term_string}"},"query-input":{"@type":"PropertyValueSpecification","valueRequired":true,"valueName":"search_term_string"}}],"inLanguage":"en-GB"}]}},"_links":{"self":[{"href":"https:\/\/viinitilameggala.fi\/en\/wp-json\/wp\/v2\/pages\/36","targetHints":{"allow":["GET"]}}],"collection":[{"href":"https:\/\/viinitilameggala.fi\/en\/wp-json\/wp\/v2\/pages"}],"about":[{"href":"https:\/\/viinitilameggala.fi\/en\/wp-json\/wp\/v2\/types\/page"}],"author":[{"embeddable":true,"href":"https:\/\/viinitilameggala.fi\/en\/wp-json\/wp\/v2\/users\/1"}],"replies":[{"embeddable":true,"href":"https:\/\/viinitilameggala.fi\/en\/wp-json\/wp\/v2\/comments?post=36"}],"version-history":[{"count":109,"href":"https:\/\/viinitilameggala.fi\/en\/wp-json\/wp\/v2\/pages\/36\/revisions"}],"predecessor-version":[{"id":1168,"href":"https:\/\/viinitilameggala.fi\/en\/wp-json\/wp\/v2\/pages\/36\/revisions\/1168"}],"wp:featuredmedia":[{"embeddable":true,"href":"https:\/\/viinitilameggala.fi\/en\/wp-json\/wp\/v2\/media\/241"}],"wp:attachment":[{"href":"https:\/\/viinitilameggala.fi\/en\/wp-json\/wp\/v2\/media?parent=36"}],"curies":[{"name":"wp","href":"https:\/\/api.w.org\/{rel}","templated":true}]}}