{"id":40,"date":"2024-06-19T09:12:36","date_gmt":"2024-06-19T09:12:36","guid":{"rendered":"https:\/\/viinitilameggala.fi\/?page_id=40"},"modified":"2025-10-06T09:27:25","modified_gmt":"2025-10-06T09:27:25","slug":"tuoremehuasema","status":"publish","type":"page","link":"https:\/\/viinitilameggala.fi\/en\/tuoremehuasema\/","title":{"rendered":"Fresh juice station"},"content":{"rendered":"<div data-elementor-type=\"wp-page\" data-elementor-id=\"40\" class=\"elementor elementor-40\" data-elementor-post-type=\"page\">\n\t\t\t\t\t\t<section class=\"elementor-section elementor-top-section elementor-element elementor-element-d067953 elementor-section-boxed elementor-section-height-default elementor-section-height-default\" data-id=\"d067953\" data-element_type=\"section\" data-settings=\"{&quot;background_background&quot;:&quot;classic&quot;,&quot;shape_divider_bottom&quot;:&quot;waves&quot;}\">\n\t\t\t\t\t\t\t<div class=\"elementor-background-overlay\"><\/div>\n\t\t\t\t\t\t<div class=\"elementor-shape elementor-shape-bottom\" data-negative=\"false\">\n\t\t\t<svg xmlns=\"http:\/\/www.w3.org\/2000\/svg\" viewbox=\"0 0 1000 100\" preserveaspectratio=\"none\">\n\t<path class=\"elementor-shape-fill\" d=\"M421.9,6.5c22.6-2.5,51.5,0.4,75.5,5.3c23.6,4.9,70.9,23.5,100.5,35.7c75.8,32.2,133.7,44.5,192.6,49.7\tc23.6,2.1,48.7,3.5,103.4-2.5c54.7-6,106.2-25.6,106.2-25.6V0H0v30.3c0,0,72,32.6,158.4,30.5c39.2-0.7,92.8-6.7,134-22.4\tc21.2-8.1,52.2-18.2,79.7-24.2C399.3,7.9,411.6,7.5,421.9,6.5z\"\/>\n<\/svg>\t\t<\/div>\n\t\t\t\t\t<div class=\"elementor-container elementor-column-gap-default\">\n\t\t\t\t\t<div class=\"elementor-column elementor-col-50 elementor-top-column elementor-element elementor-element-b9d8b52\" data-id=\"b9d8b52\" data-element_type=\"column\">\n\t\t\t<div class=\"elementor-widget-wrap elementor-element-populated\">\n\t\t\t\t\t\t<div class=\"elementor-element elementor-element-27160a9 elementor-widget elementor-widget-heading\" data-id=\"27160a9\" data-element_type=\"widget\" data-widget_type=\"heading.default\">\n\t\t\t\t<div class=\"elementor-widget-container\">\n\t\t\t<h2 class=\"elementor-heading-title elementor-size-default\">Fresh juice station <\/h2>\t\t<\/div>\n\t\t\t\t<\/div>\n\t\t\t\t\t<\/div>\n\t\t<\/div>\n\t\t\t\t<div class=\"elementor-column elementor-col-50 elementor-top-column elementor-element elementor-element-f2daa77\" data-id=\"f2daa77\" data-element_type=\"column\">\n\t\t\t<div class=\"elementor-widget-wrap\">\n\t\t\t\t\t\t\t<\/div>\n\t\t<\/div>\n\t\t\t\t\t<\/div>\n\t\t<\/section>\n\t\t\t\t<section class=\"elementor-section elementor-top-section elementor-element elementor-element-7f1a6ca elementor-section-boxed elementor-section-height-default elementor-section-height-default\" data-id=\"7f1a6ca\" data-element_type=\"section\">\n\t\t\t\t\t\t<div class=\"elementor-container elementor-column-gap-default\">\n\t\t\t\t\t<div class=\"elementor-column elementor-col-100 elementor-top-column elementor-element elementor-element-0973ed1\" data-id=\"0973ed1\" data-element_type=\"column\">\n\t\t\t<div class=\"elementor-widget-wrap\">\n\t\t\t\t\t\t\t<\/div>\n\t\t<\/div>\n\t\t\t\t\t<\/div>\n\t\t<\/section>\n\t\t\t\t<section class=\"elementor-section elementor-top-section elementor-element elementor-element-9826358 elementor-section-boxed elementor-section-height-default elementor-section-height-default\" data-id=\"9826358\" data-element_type=\"section\">\n\t\t\t\t\t\t<div class=\"elementor-container elementor-column-gap-default\">\n\t\t\t\t\t<div class=\"elementor-column elementor-col-100 elementor-top-column elementor-element elementor-element-c6ab5f9\" data-id=\"c6ab5f9\" data-element_type=\"column\">\n\t\t\t<div class=\"elementor-widget-wrap elementor-element-populated\">\n\t\t\t\t\t\t<div class=\"elementor-element elementor-element-1beda76 elementor-widget elementor-widget-text-editor\" data-id=\"1beda76\" data-element_type=\"widget\" data-widget_type=\"text-editor.default\">\n\t\t\t\t<div class=\"elementor-widget-container\">\n\t\t\t\t\t\t\t<div class=\"elementor-element elementor-element-de37fd0 elementor-widget elementor-widget-heading\" data-id=\"de37fd0\" data-element_type=\"widget\" data-widget_type=\"heading.default\">\n<div class=\"elementor-widget-container\">\n<h2 class=\"elementor-heading-title elementor-size-default\">Tuoremehuaseman viimeinen 2025 puristusp\u00e4iv\u00e4 14.10.2025, joten tuothan omenasi ennen tuota p\u00e4iv\u00e4\u00e4 viinitilalle.&nbsp;<\/h2>\n<\/div>\n<\/div>\n<div class=\"elementor-element elementor-element-ab906c5 elementor-widget elementor-widget-text-editor\" data-id=\"ab906c5\" data-element_type=\"widget\" data-widget_type=\"text-editor.default\">\n<div class=\"elementor-widget-container\">\n<p>Puristus ja past\u00f6rointi 1,30\u20ac kilo. Puristus 0,90\u20ac kilo.&nbsp;<\/p>\n<p>3 l clear goose bag 1,30\u20ac\/each (you can buy a cardboard envelope if you want and you can always exchange the envelope for a new bag, price 1,50\u20ac\/each)<\/p>\n<p>3 litre self standing apple can 2,00\u20ac\/each<\/p>\n<p>Tuoremehuasemalla p\u00e4\u00e4set hy\u00f6dynt\u00e4m\u00e4\u00e4n pihasi hedelm\u00e4puut! Voit tuoda omat omenasi meille, joista tuorepuristamme mehun Sinulle. Mehu past\u00f6roidaan ja pakataan aina 3l hanapusseihin, joissa mehu s\u00e4ilyy huoneenl\u00e4mm\u00f6ss\u00e4 n. vuoden p\u00e4iv\u00e4t. Pusseja l\u00f6ytyy kahta erilaista kuosia, kirkasta (3 l), ja omenakuosilla (3 l).<\/p>\n<p>The juice yield depends on the apple variety, but it is usually between 50-70%. Soft powdery summer varieties are in the 50% range.<\/p>\n<p>The juice can also be pressed without pasteurisation, in which case the customer brings their own canisters in which to pack the juice. We do not pack in glass bottles or containers of less than 3 litres.<\/p>\n<p>Apples and fruit may also be picked from the ground and contain bruises and blemishes, as long as the surface is intact! Wash the apples before pressing. However, please try to avoid getting soil, larger grasses, leaves, etc. into the apples.<\/p>\n<p>You can bring apples to us while the fresh juice station is running. If there is no pressing that day, we will keep them for the next pressing. We do the pressing according to the batches of apples we receive.&nbsp;<\/p>\n<p>The apples are weighed on the spot and the customer's details are recorded. Once the apples are pressed, packed and ready for collection, we call the customer and the juices can be collected from the winery.<\/p>\n<p>If possible, we can also press other berries and fruits in addition to apples. For other fruits and berries, the juice may still contain small amounts of apple.<\/p>\n<\/div>\n<\/div>\t\t\t\t\t\t<\/div>\n\t\t\t\t<\/div>\n\t\t\t\t<div class=\"elementor-element elementor-element-18f07e6 elementor-widget__width-initial elementor-widget elementor-widget-image\" data-id=\"18f07e6\" data-element_type=\"widget\" data-widget_type=\"image.default\">\n\t\t\t\t<div class=\"elementor-widget-container\">\n\t\t\t\t\t\t\t\t\t\t\t\t\t<img fetchpriority=\"high\" decoding=\"async\" width=\"768\" height=\"644\" src=\"https:\/\/viinitilameggala.fi\/wp-content\/uploads\/2025\/08\/Tuoremehuasemamainos-2025-768x644.png\" class=\"attachment-medium_large size-medium_large wp-image-1227\" alt=\"\" srcset=\"https:\/\/viinitilameggala.fi\/wp-content\/uploads\/2025\/08\/Tuoremehuasemamainos-2025-768x644.png 768w, https:\/\/viinitilameggala.fi\/wp-content\/uploads\/2025\/08\/Tuoremehuasemamainos-2025-300x251.png 300w, https:\/\/viinitilameggala.fi\/wp-content\/uploads\/2025\/08\/Tuoremehuasemamainos-2025-14x12.png 14w, https:\/\/viinitilameggala.fi\/wp-content\/uploads\/2025\/08\/Tuoremehuasemamainos-2025.png 940w\" sizes=\"(max-width: 768px) 100vw, 768px\" \/>\t\t\t\t\t\t\t\t\t\t\t\t\t<\/div>\n\t\t\t\t<\/div>\n\t\t\t\t\t<\/div>\n\t\t<\/div>\n\t\t\t\t\t<\/div>\n\t\t<\/section>\n\t\t\t\t<\/div>","protected":false},"excerpt":{"rendered":"<p>Tuoremehuasema Tuoremehuaseman viimeinen 2025 puristusp\u00e4iv\u00e4 14.10.2025, joten tuothan omenasi ennen tuota p\u00e4iv\u00e4\u00e4 viinitilalle.&nbsp; Puristus ja past\u00f6rointi 1,30\u20ac kilo. Puristus 0,90\u20ac [&hellip;]<\/p>","protected":false},"author":1,"featured_media":233,"parent":0,"menu_order":0,"comment_status":"closed","ping_status":"closed","template":"","meta":{"site-sidebar-layout":"no-sidebar","site-content-layout":"","ast-site-content-layout":"full-width-container","site-content-style":"default","site-sidebar-style":"default","ast-global-header-display":"","ast-banner-title-visibility":"","ast-main-header-display":"","ast-hfb-above-header-display":"","ast-hfb-below-header-display":"","ast-hfb-mobile-header-display":"","site-post-title":"disabled","ast-breadcrumbs-content":"","ast-featured-img":"disabled","footer-sml-layout":"","theme-transparent-header-meta":"","adv-header-id-meta":"","stick-header-meta":"","header-above-stick-meta":"","header-main-stick-meta":"","header-below-stick-meta":"","astra-migrate-meta-layouts":"default","ast-page-background-enabled":"default","ast-page-background-meta":{"desktop":{"background-color":"var(--ast-global-color-4)","background-image":"","background-repeat":"repeat","background-position":"center center","background-size":"auto","background-attachment":"scroll","background-type":"","background-media":"","overlay-type":"","overlay-color":"","overlay-opacity":"","overlay-gradient":""},"tablet":{"background-color":"","background-image":"","background-repeat":"repeat","background-position":"center center","background-size":"auto","background-attachment":"scroll","background-type":"","background-media":"","overlay-type":"","overlay-color":"","overlay-opacity":"","overlay-gradient":""},"mobile":{"background-color":"","background-image":"","background-repeat":"repeat","background-position":"center center","background-size":"auto","background-attachment":"scroll","background-type":"","background-media":"","overlay-type":"","overlay-color":"","overlay-opacity":"","overlay-gradient":""}},"ast-content-background-meta":{"desktop":{"background-color":"var(--ast-global-color-5)","background-image":"","background-repeat":"repeat","background-position":"center center","background-size":"auto","background-attachment":"scroll","background-type":"","background-media":"","overlay-type":"","overlay-color":"","overlay-opacity":"","overlay-gradient":""},"tablet":{"background-color":"var(--ast-global-color-5)","background-image":"","background-repeat":"repeat","background-position":"center center","background-size":"auto","background-attachment":"scroll","background-type":"","background-media":"","overlay-type":"","overlay-color":"","overlay-opacity":"","overlay-gradient":""},"mobile":{"background-color":"var(--ast-global-color-5)","background-image":"","background-repeat":"repeat","background-position":"center center","background-size":"auto","background-attachment":"scroll","background-type":"","background-media":"","overlay-type":"","overlay-color":"","overlay-opacity":"","overlay-gradient":""}},"footnotes":""},"class_list":["post-40","page","type-page","status-publish","has-post-thumbnail","hentry"],"yoast_head":"<!-- This site is optimized with the Yoast SEO plugin v23.6 - https:\/\/yoast.com\/wordpress\/plugins\/seo\/ -->\n<title>Tuoremehuasema | Viinitila Meggala<\/title>\n<meta name=\"description\" content=\"Tuoremehuasemalle voit tuoda omenaa tiistaista-lauantaihin klo 12-18 v\u00e4lisen\u00e4 aikana. Puristus ja past\u00f6rointi 1,15\u20ac kilo.\" \/>\n<meta name=\"robots\" content=\"index, follow, max-snippet:-1, max-image-preview:large, max-video-preview:-1\" \/>\n<link rel=\"canonical\" href=\"https:\/\/viinitilameggala.fi\/en\/tuoremehuasema\/\" \/>\n<meta property=\"og:locale\" content=\"en_GB\" \/>\n<meta property=\"og:type\" content=\"article\" \/>\n<meta property=\"og:title\" content=\"Tuoremehuasema | Viinitila Meggala\" \/>\n<meta property=\"og:description\" content=\"Tuoremehuasemalle voit tuoda omenaa tiistaista-lauantaihin klo 12-18 v\u00e4lisen\u00e4 aikana. Puristus ja past\u00f6rointi 1,15\u20ac kilo.\" \/>\n<meta property=\"og:url\" content=\"https:\/\/viinitilameggala.fi\/en\/tuoremehuasema\/\" \/>\n<meta property=\"og:site_name\" content=\"Viinitila Meggala\" \/>\n<meta property=\"article:modified_time\" content=\"2025-10-06T09:27:25+00:00\" \/>\n<meta property=\"og:image\" content=\"https:\/\/viinitilameggala.fi\/wp-content\/uploads\/2024\/07\/vecteezy_glass-of-apple-juice-and-ripe-apples-on-wooden-table-against_29549743-scaled.jpg\" \/>\n\t<meta property=\"og:image:width\" content=\"2560\" \/>\n\t<meta property=\"og:image:height\" content=\"1707\" \/>\n\t<meta property=\"og:image:type\" content=\"image\/jpeg\" \/>\n<meta name=\"twitter:card\" content=\"summary_large_image\" \/>\n<meta name=\"twitter:label1\" content=\"Estimated reading time\" \/>\n\t<meta name=\"twitter:data1\" content=\"4 minutes\" \/>\n<script type=\"application\/ld+json\" class=\"yoast-schema-graph\">{\"@context\":\"https:\/\/schema.org\",\"@graph\":[{\"@type\":\"WebPage\",\"@id\":\"https:\/\/viinitilameggala.fi\/tuoremehuasema\/\",\"url\":\"https:\/\/viinitilameggala.fi\/tuoremehuasema\/\",\"name\":\"Tuoremehuasema | Viinitila Meggala\",\"isPartOf\":{\"@id\":\"https:\/\/viinitilameggala.fi\/#website\"},\"primaryImageOfPage\":{\"@id\":\"https:\/\/viinitilameggala.fi\/tuoremehuasema\/#primaryimage\"},\"image\":{\"@id\":\"https:\/\/viinitilameggala.fi\/tuoremehuasema\/#primaryimage\"},\"thumbnailUrl\":\"https:\/\/viinitilameggala.fi\/wp-content\/uploads\/2024\/07\/vecteezy_glass-of-apple-juice-and-ripe-apples-on-wooden-table-against_29549743-scaled.jpg\",\"datePublished\":\"2024-06-19T09:12:36+00:00\",\"dateModified\":\"2025-10-06T09:27:25+00:00\",\"description\":\"Tuoremehuasemalle voit tuoda omenaa tiistaista-lauantaihin klo 12-18 v\u00e4lisen\u00e4 aikana. Puristus ja past\u00f6rointi 1,15\u20ac kilo.\",\"breadcrumb\":{\"@id\":\"https:\/\/viinitilameggala.fi\/tuoremehuasema\/#breadcrumb\"},\"inLanguage\":\"en-GB\",\"potentialAction\":[{\"@type\":\"ReadAction\",\"target\":[\"https:\/\/viinitilameggala.fi\/tuoremehuasema\/\"]}]},{\"@type\":\"ImageObject\",\"inLanguage\":\"en-GB\",\"@id\":\"https:\/\/viinitilameggala.fi\/tuoremehuasema\/#primaryimage\",\"url\":\"https:\/\/viinitilameggala.fi\/wp-content\/uploads\/2024\/07\/vecteezy_glass-of-apple-juice-and-ripe-apples-on-wooden-table-against_29549743-scaled.jpg\",\"contentUrl\":\"https:\/\/viinitilameggala.fi\/wp-content\/uploads\/2024\/07\/vecteezy_glass-of-apple-juice-and-ripe-apples-on-wooden-table-against_29549743-scaled.jpg\",\"width\":2560,\"height\":1707,\"caption\":\"Glass of apple juice and ripe apples on wooden table against natural background. ai generated\"},{\"@type\":\"BreadcrumbList\",\"@id\":\"https:\/\/viinitilameggala.fi\/tuoremehuasema\/#breadcrumb\",\"itemListElement\":[{\"@type\":\"ListItem\",\"position\":1,\"name\":\"Etusivu\",\"item\":\"https:\/\/viinitilameggala.fi\/\"},{\"@type\":\"ListItem\",\"position\":2,\"name\":\"Tuoremehuasema\"}]},{\"@type\":\"WebSite\",\"@id\":\"https:\/\/viinitilameggala.fi\/#website\",\"url\":\"https:\/\/viinitilameggala.fi\/\",\"name\":\"Viinitila Meggala\",\"description\":\"Laadukkaita viinej\u00e4 joka hetkeen\",\"potentialAction\":[{\"@type\":\"SearchAction\",\"target\":{\"@type\":\"EntryPoint\",\"urlTemplate\":\"https:\/\/viinitilameggala.fi\/?s={search_term_string}\"},\"query-input\":{\"@type\":\"PropertyValueSpecification\",\"valueRequired\":true,\"valueName\":\"search_term_string\"}}],\"inLanguage\":\"en-GB\"}]}<\/script>\n<!-- \/ Yoast SEO plugin. -->","yoast_head_json":{"title":"Tuoremehuasema | Viinitila Meggala","description":"Tuoremehuasemalle voit tuoda omenaa tiistaista-lauantaihin klo 12-18 v\u00e4lisen\u00e4 aikana. Puristus ja past\u00f6rointi 1,15\u20ac kilo.","robots":{"index":"index","follow":"follow","max-snippet":"max-snippet:-1","max-image-preview":"max-image-preview:large","max-video-preview":"max-video-preview:-1"},"canonical":"https:\/\/viinitilameggala.fi\/en\/tuoremehuasema\/","og_locale":"en_GB","og_type":"article","og_title":"Tuoremehuasema | Viinitila Meggala","og_description":"Tuoremehuasemalle voit tuoda omenaa tiistaista-lauantaihin klo 12-18 v\u00e4lisen\u00e4 aikana. Puristus ja past\u00f6rointi 1,15\u20ac kilo.","og_url":"https:\/\/viinitilameggala.fi\/en\/tuoremehuasema\/","og_site_name":"Viinitila Meggala","article_modified_time":"2025-10-06T09:27:25+00:00","og_image":[{"width":2560,"height":1707,"url":"https:\/\/viinitilameggala.fi\/wp-content\/uploads\/2024\/07\/vecteezy_glass-of-apple-juice-and-ripe-apples-on-wooden-table-against_29549743-scaled.jpg","type":"image\/jpeg"}],"twitter_card":"summary_large_image","twitter_misc":{"Estimated reading time":"4 minutes"},"schema":{"@context":"https:\/\/schema.org","@graph":[{"@type":"WebPage","@id":"https:\/\/viinitilameggala.fi\/tuoremehuasema\/","url":"https:\/\/viinitilameggala.fi\/tuoremehuasema\/","name":"Tuoremehuasema | Viinitila Meggala","isPartOf":{"@id":"https:\/\/viinitilameggala.fi\/#website"},"primaryImageOfPage":{"@id":"https:\/\/viinitilameggala.fi\/tuoremehuasema\/#primaryimage"},"image":{"@id":"https:\/\/viinitilameggala.fi\/tuoremehuasema\/#primaryimage"},"thumbnailUrl":"https:\/\/viinitilameggala.fi\/wp-content\/uploads\/2024\/07\/vecteezy_glass-of-apple-juice-and-ripe-apples-on-wooden-table-against_29549743-scaled.jpg","datePublished":"2024-06-19T09:12:36+00:00","dateModified":"2025-10-06T09:27:25+00:00","description":"Tuoremehuasemalle voit tuoda omenaa tiistaista-lauantaihin klo 12-18 v\u00e4lisen\u00e4 aikana. Puristus ja past\u00f6rointi 1,15\u20ac kilo.","breadcrumb":{"@id":"https:\/\/viinitilameggala.fi\/tuoremehuasema\/#breadcrumb"},"inLanguage":"en-GB","potentialAction":[{"@type":"ReadAction","target":["https:\/\/viinitilameggala.fi\/tuoremehuasema\/"]}]},{"@type":"ImageObject","inLanguage":"en-GB","@id":"https:\/\/viinitilameggala.fi\/tuoremehuasema\/#primaryimage","url":"https:\/\/viinitilameggala.fi\/wp-content\/uploads\/2024\/07\/vecteezy_glass-of-apple-juice-and-ripe-apples-on-wooden-table-against_29549743-scaled.jpg","contentUrl":"https:\/\/viinitilameggala.fi\/wp-content\/uploads\/2024\/07\/vecteezy_glass-of-apple-juice-and-ripe-apples-on-wooden-table-against_29549743-scaled.jpg","width":2560,"height":1707,"caption":"Glass of apple juice and ripe apples on wooden table against natural background. ai generated"},{"@type":"BreadcrumbList","@id":"https:\/\/viinitilameggala.fi\/tuoremehuasema\/#breadcrumb","itemListElement":[{"@type":"ListItem","position":1,"name":"Etusivu","item":"https:\/\/viinitilameggala.fi\/"},{"@type":"ListItem","position":2,"name":"Tuoremehuasema"}]},{"@type":"WebSite","@id":"https:\/\/viinitilameggala.fi\/#website","url":"https:\/\/viinitilameggala.fi\/","name":"Viinitila Meggala","description":"Laadukkaita viinej\u00e4 joka hetkeen","potentialAction":[{"@type":"SearchAction","target":{"@type":"EntryPoint","urlTemplate":"https:\/\/viinitilameggala.fi\/?s={search_term_string}"},"query-input":{"@type":"PropertyValueSpecification","valueRequired":true,"valueName":"search_term_string"}}],"inLanguage":"en-GB"}]}},"_links":{"self":[{"href":"https:\/\/viinitilameggala.fi\/en\/wp-json\/wp\/v2\/pages\/40","targetHints":{"allow":["GET"]}}],"collection":[{"href":"https:\/\/viinitilameggala.fi\/en\/wp-json\/wp\/v2\/pages"}],"about":[{"href":"https:\/\/viinitilameggala.fi\/en\/wp-json\/wp\/v2\/types\/page"}],"author":[{"embeddable":true,"href":"https:\/\/viinitilameggala.fi\/en\/wp-json\/wp\/v2\/users\/1"}],"replies":[{"embeddable":true,"href":"https:\/\/viinitilameggala.fi\/en\/wp-json\/wp\/v2\/comments?post=40"}],"version-history":[{"count":46,"href":"https:\/\/viinitilameggala.fi\/en\/wp-json\/wp\/v2\/pages\/40\/revisions"}],"predecessor-version":[{"id":1290,"href":"https:\/\/viinitilameggala.fi\/en\/wp-json\/wp\/v2\/pages\/40\/revisions\/1290"}],"wp:featuredmedia":[{"embeddable":true,"href":"https:\/\/viinitilameggala.fi\/en\/wp-json\/wp\/v2\/media\/233"}],"wp:attachment":[{"href":"https:\/\/viinitilameggala.fi\/en\/wp-json\/wp\/v2\/media?parent=40"}],"curies":[{"name":"wp","href":"https:\/\/api.w.org\/{rel}","templated":true}]}}