{"id":678,"date":"2024-10-15T11:25:05","date_gmt":"2024-10-15T11:25:05","guid":{"rendered":"https:\/\/viinitilameggala.fi\/?page_id=678"},"modified":"2026-02-09T12:46:06","modified_gmt":"2026-02-09T12:46:06","slug":"finnish-wines","status":"publish","type":"page","link":"https:\/\/viinitilameggala.fi\/en\/finnish-wines\/","title":{"rendered":"Finnish Wines"},"content":{"rendered":"<div data-elementor-type=\"wp-page\" data-elementor-id=\"678\" class=\"elementor elementor-678\" data-elementor-post-type=\"page\">\n\t\t\t\t\t\t<section class=\"elementor-section elementor-top-section elementor-element elementor-element-25e4657 elementor-section-boxed elementor-section-height-default elementor-section-height-default\" data-id=\"25e4657\" data-element_type=\"section\" data-settings=\"{&quot;background_background&quot;:&quot;classic&quot;,&quot;shape_divider_bottom&quot;:&quot;waves&quot;}\">\n\t\t\t\t\t\t\t<div class=\"elementor-background-overlay\"><\/div>\n\t\t\t\t\t\t<div class=\"elementor-shape elementor-shape-bottom\" data-negative=\"false\">\n\t\t\t<svg xmlns=\"http:\/\/www.w3.org\/2000\/svg\" viewbox=\"0 0 1000 100\" preserveaspectratio=\"none\">\n\t<path class=\"elementor-shape-fill\" d=\"M421.9,6.5c22.6-2.5,51.5,0.4,75.5,5.3c23.6,4.9,70.9,23.5,100.5,35.7c75.8,32.2,133.7,44.5,192.6,49.7\tc23.6,2.1,48.7,3.5,103.4-2.5c54.7-6,106.2-25.6,106.2-25.6V0H0v30.3c0,0,72,32.6,158.4,30.5c39.2-0.7,92.8-6.7,134-22.4\tc21.2-8.1,52.2-18.2,79.7-24.2C399.3,7.9,411.6,7.5,421.9,6.5z\"\/>\n<\/svg>\t\t<\/div>\n\t\t\t\t\t<div class=\"elementor-container elementor-column-gap-default\">\n\t\t\t\t\t<div class=\"elementor-column elementor-col-100 elementor-top-column elementor-element elementor-element-966b51a\" data-id=\"966b51a\" data-element_type=\"column\">\n\t\t\t<div class=\"elementor-widget-wrap elementor-element-populated\">\n\t\t\t\t\t\t<div class=\"elementor-element elementor-element-26c7852 elementor-widget elementor-widget-heading\" data-id=\"26c7852\" data-element_type=\"widget\" data-widget_type=\"heading.default\">\n\t\t\t\t<div class=\"elementor-widget-container\">\n\t\t\t<h2 class=\"elementor-heading-title elementor-size-default\">Finnish wines Meggala Venesj\u00e4rvi\n<\/h2>\t\t<\/div>\n\t\t\t\t<\/div>\n\t\t\t\t\t<\/div>\n\t\t<\/div>\n\t\t\t\t\t<\/div>\n\t\t<\/section>\n\t\t\t\t<section class=\"elementor-section elementor-top-section elementor-element elementor-element-0fca6ce elementor-reverse-mobile elementor-section-boxed elementor-section-height-default elementor-section-height-default\" data-id=\"0fca6ce\" data-element_type=\"section\">\n\t\t\t\t\t\t<div class=\"elementor-container elementor-column-gap-default\">\n\t\t\t\t\t<div class=\"elementor-column elementor-col-50 elementor-top-column elementor-element elementor-element-521bf80\" data-id=\"521bf80\" data-element_type=\"column\" data-settings=\"{&quot;background_background&quot;:&quot;classic&quot;}\">\n\t\t\t<div class=\"elementor-widget-wrap elementor-element-populated\">\n\t\t\t\t\t\t<div class=\"elementor-element elementor-element-aaf9e11 elementor-widget elementor-widget-spacer\" data-id=\"aaf9e11\" data-element_type=\"widget\" data-widget_type=\"spacer.default\">\n\t\t\t\t<div class=\"elementor-widget-container\">\n\t\t\t\t\t<div class=\"elementor-spacer\">\n\t\t\t<div class=\"elementor-spacer-inner\"><\/div>\n\t\t<\/div>\n\t\t\t\t<\/div>\n\t\t\t\t<\/div>\n\t\t\t\t\t<\/div>\n\t\t<\/div>\n\t\t\t\t<div class=\"elementor-column elementor-col-50 elementor-top-column elementor-element elementor-element-1a85b63\" data-id=\"1a85b63\" data-element_type=\"column\">\n\t\t\t<div class=\"elementor-widget-wrap elementor-element-populated\">\n\t\t\t\t\t\t<div class=\"elementor-element elementor-element-bac5776 elementor-widget elementor-widget-text-editor\" data-id=\"bac5776\" data-element_type=\"widget\" data-widget_type=\"text-editor.default\">\n\t\t\t\t<div class=\"elementor-widget-container\">\n\t\t\t\t\t\t\t<p>Meggala winery is located in Kankaanp\u00e4\u00e4, Satakunta, in the rural village of Venesj\u00e4rvi. We produce finnish wines, ciders and non-alcoholic products from pure local raw materials grown in Finland. Our winery is also a tourism company and we received the Satakunta Tourism Company of the Year award in 2023. We also have a restaurant and grow 730 apple trees, 260 cherry trees and 200 aronia bushes.<\/p><p>In addition to our winery, you can taste Meggala&#8217;s wines in various restaurants in Finland.\u00a0<\/p><p>This restaurant offers high-quality Finnish products \u2013 thank you for supporting local work.<\/p><p><a href=\"https:\/\/www.facebook.com\/ravintolakaskis?__cft__%5b0%5d=AZVhiqhR43ATZzawxkUGaj39gKtHK4oKS7cokW7EddkBv07qndNnN9whamwYgDq-9B8IX0frpwWpu8H8n3rJ9HuGitybR_PpdvXaPrg_4u4JzTLa5GX4hPVQyZ1EAaQbPTeK11KJMlL4fZd8RokSldlwsayePxWtIVTnhPaX1YNlU2zaTmahGEcUoni68O3dXnM&amp;__tn__=-%5dK-R\">Michelin Restaurant Kaskis<\/a>\u00a0, Michelin Ravintola Kaskis, Turku<\/p><p><a href=\"https:\/\/www.facebook.com\/mustionlinna?__cft__%5b0%5d=AZVhiqhR43ATZzawxkUGaj39gKtHK4oKS7cokW7EddkBv07qndNnN9whamwYgDq-9B8IX0frpwWpu8H8n3rJ9HuGitybR_PpdvXaPrg_4u4JzTLa5GX4hPVQyZ1EAaQbPTeK11KJMlL4fZd8RokSldlwsayePxWtIVTnhPaX1YNlU2zaTmahGEcUoni68O3dXnM&amp;__tn__=-%5dK-R\">Mustio Castle &#8211; Mustion Linna &#8211; Svart\u00e5 Slott<\/a>\u00a0,Raasepori<\/p><p><a href=\"https:\/\/www.facebook.com\/Kakolan-Ruusu-692020641007651\/?__cft__%5b0%5d=AZVhiqhR43ATZzawxkUGaj39gKtHK4oKS7cokW7EddkBv07qndNnN9whamwYgDq-9B8IX0frpwWpu8H8n3rJ9HuGitybR_PpdvXaPrg_4u4JzTLa5GX4hPVQyZ1EAaQbPTeK11KJMlL4fZd8RokSldlwsayePxWtIVTnhPaX1YNlU2zaTmahGEcUoni68O3dXnM&amp;__tn__=kK-R\">The Rose of Kakola, Kakolan Ruusu<\/a>\u00a0,Turku<\/p><p>Lepaa winery, Lepaan viinitila, Hattula<\/p><p>Levi Hotel Spa, Ravintola Kek\u00e4le, Restaurant Kek\u00e4le, Levi Lapland<\/p><p><a href=\"https:\/\/www.facebook.com\/nasinneula?__cft__%5b0%5d=AZVhiqhR43ATZzawxkUGaj39gKtHK4oKS7cokW7EddkBv07qndNnN9whamwYgDq-9B8IX0frpwWpu8H8n3rJ9HuGitybR_PpdvXaPrg_4u4JzTLa5GX4hPVQyZ1EAaQbPTeK11KJMlL4fZd8RokSldlwsayePxWtIVTnhPaX1YNlU2zaTmahGEcUoni68O3dXnM&amp;__tn__=-%5dK-R\">N\u00e4sinneula &#8211; Restaurant N\u00e4sinneula<\/a>\u00a0, Tampere<\/p><p><u>Restaurant Naantalin Mets\u00e4t\u00e4hti, Naantali<\/u><\/p><p>Restaurant <a href=\"https:\/\/www.facebook.com\/merimunkki?__cft__%5b0%5d=AZVhiqhR43ATZzawxkUGaj39gKtHK4oKS7cokW7EddkBv07qndNnN9whamwYgDq-9B8IX0frpwWpu8H8n3rJ9HuGitybR_PpdvXaPrg_4u4JzTLa5GX4hPVQyZ1EAaQbPTeK11KJMlL4fZd8RokSldlwsayePxWtIVTnhPaX1YNlU2zaTmahGEcUoni68O3dXnM&amp;__tn__=-%5dK-R\">The Merry Monk<\/a> ,Merikarvia<\/p><p><a style=\"font-size: 16px; background-color: #ffffff; color: #3a3a3a;\">Restaurant Ravintola Juurella, Sein\u00e4joki\u00a0\u00a0\u00a0\u00a0\u00a0\u00a0<\/a><a style=\"font-size: 16px; background-color: #ffffff;\">https:\/\/juurella.fi\/<\/a><\/p><p><a href=\"https:\/\/www.facebook.com\/koivuniemenherranmuumaa?__cft__%5b0%5d=AZVhiqhR43ATZzawxkUGaj39gKtHK4oKS7cokW7EddkBv07qndNnN9whamwYgDq-9B8IX0frpwWpu8H8n3rJ9HuGitybR_PpdvXaPrg_4u4JzTLa5GX4hPVQyZ1EAaQbPTeK11KJMlL4fZd8RokSldlwsayePxWtIVTnhPaX1YNlU2zaTmahGEcUoni68O3dXnM&amp;__tn__=-%5dK-R\">Koivuniemen Herra<\/a>\u00a0,Merikarvia<\/p><p>Kasalas cafe- Kasalan Kahvila, Merikarvia Kasalan kalasatama<\/p><p><a href=\"https:\/\/www.facebook.com\/lacopawine?__cft__%5b0%5d=AZVhiqhR43ATZzawxkUGaj39gKtHK4oKS7cokW7EddkBv07qndNnN9whamwYgDq-9B8IX0frpwWpu8H8n3rJ9HuGitybR_PpdvXaPrg_4u4JzTLa5GX4hPVQyZ1EAaQbPTeK11KJMlL4fZd8RokSldlwsayePxWtIVTnhPaX1YNlU2zaTmahGEcUoni68O3dXnM&amp;__tn__=-%5dK-R\">Restaurant P\u00e4re, Ravintola P\u00e4re,<\/a>\u00a0Pori<\/p><p><u>Restaurant Sydvest<\/u>, Ravintola Sydvest, Rauma<\/p><p>Tacoya &#8211; Bar y Taqueria, Helsinki<\/p><p>Kunnonl\u00e4hde Kankaanp\u00e4\u00e4, myym\u00e4l\u00e4 ja ravintola,\u00a0 shop and restaurant<\/p><p>Kukkapuoti Unikko, Kankaanp\u00e4\u00e4, myym\u00e4l\u00e4\u00a0<\/p><p>Studio \/ Cafe Safir, Kristiinankaupunki<\/p><p><a href=\"https:\/\/www.facebook.com\/tilallatapahtuu?__cft__%5b0%5d=AZVhiqhR43ATZzawxkUGaj39gKtHK4oKS7cokW7EddkBv07qndNnN9whamwYgDq-9B8IX0frpwWpu8H8n3rJ9HuGitybR_PpdvXaPrg_4u4JzTLa5GX4hPVQyZ1EAaQbPTeK11KJMlL4fZd8RokSldlwsayePxWtIVTnhPaX1YNlU2zaTmahGEcUoni68O3dXnM&amp;__tn__=-%5dK-R\">Mattilan Tila<\/a>\u00a0, Ruokapuoti Into, Ikaalinen<\/p><p><a href=\"https:\/\/www.facebook.com\/willikarvia?__cft__%5b0%5d=AZVhiqhR43ATZzawxkUGaj39gKtHK4oKS7cokW7EddkBv07qndNnN9whamwYgDq-9B8IX0frpwWpu8H8n3rJ9HuGitybR_PpdvXaPrg_4u4JzTLa5GX4hPVQyZ1EAaQbPTeK11KJMlL4fZd8RokSldlwsayePxWtIVTnhPaX1YNlU2zaTmahGEcUoni68O3dXnM&amp;__tn__=-%5dK-R\">Willi Karvia<\/a>\u00a0,Karvia<\/p><p><a href=\"https:\/\/www.facebook.com\/groups\/1102878944248250\/?__cft__%5b0%5d=AZVhiqhR43ATZzawxkUGaj39gKtHK4oKS7cokW7EddkBv07qndNnN9whamwYgDq-9B8IX0frpwWpu8H8n3rJ9HuGitybR_PpdvXaPrg_4u4JzTLa5GX4hPVQyZ1EAaQbPTeK11KJMlL4fZd8RokSldlwsayePxWtIVTnhPaX1YNlU2zaTmahGEcUoni68O3dXnM&amp;__tn__=-UK-R\">Restaurant Suomij\u00e4rven Kruunu<\/a>\u00a0, Karvia<\/p><p><a href=\"https:\/\/www.facebook.com\/wanhabrankkari?__cft__%5b0%5d=AZVhiqhR43ATZzawxkUGaj39gKtHK4oKS7cokW7EddkBv07qndNnN9whamwYgDq-9B8IX0frpwWpu8H8n3rJ9HuGitybR_PpdvXaPrg_4u4JzTLa5GX4hPVQyZ1EAaQbPTeK11KJMlL4fZd8RokSldlwsayePxWtIVTnhPaX1YNlU2zaTmahGEcUoni68O3dXnM&amp;__tn__=-%5dK-R\">Restaurant Wanha Brankkari<\/a>\u00a0,Parkano<\/p><p><a href=\"https:\/\/www.facebook.com\/rantalava?__cft__%5b0%5d=AZVhiqhR43ATZzawxkUGaj39gKtHK4oKS7cokW7EddkBv07qndNnN9whamwYgDq-9B8IX0frpwWpu8H8n3rJ9HuGitybR_PpdvXaPrg_4u4JzTLa5GX4hPVQyZ1EAaQbPTeK11KJMlL4fZd8RokSldlwsayePxWtIVTnhPaX1YNlU2zaTmahGEcUoni68O3dXnM&amp;__tn__=-%5dK-R\">Venesj\u00e4rvi dance stage, Venesj\u00e4rven Rantalava<\/a>\u00a0,Venesj\u00e4rvi<\/p><p><a href=\"https:\/\/www.facebook.com\/profile.php?id=100049269651727&amp;__cft__%5b0%5d=AZVhiqhR43ATZzawxkUGaj39gKtHK4oKS7cokW7EddkBv07qndNnN9whamwYgDq-9B8IX0frpwWpu8H8n3rJ9HuGitybR_PpdvXaPrg_4u4JzTLa5GX4hPVQyZ1EAaQbPTeK11KJMlL4fZd8RokSldlwsayePxWtIVTnhPaX1YNlU2zaTmahGEcUoni68O3dXnM&amp;__tn__=-%5dK-R\">H\u00e4rk\u00e4l\u00e4&#8217;s garden H\u00e4rk\u00e4l\u00e4n Puutarha<\/a>\u00a0\u2013Tuiskula- v\u00e4hitt\u00e4ismyynti (white lady)<\/p><p>Kankaanp\u00e4\u00e4n Makasiinikahvio (alkoholittomien j\u00e4lleenmyynti)<\/p><p>El\u00e4mysravintola Mummola, Pihtipudas (alkoholittomien j\u00e4lleenmyynti ja ravintola)<\/p><p>Porin taidemuseo, Etel\u00e4ranta, Pori<\/p><p>Ravintola Siltalyhty, Pori<\/p><p>Pirtin kukka, Pori (alkoholittomien j\u00e4lleenmyynti)<\/p><p>J\u00e4min Rahtipalvi, J\u00e4mij\u00e4rvi (alkoholittomien j\u00e4lleenmyynti)<\/p><p>Tuorin tislaamo, Tuori Distilling Company, Suodenniementie 14, 38510 Sastamala<\/p><p>You are warmly welcome to taste our wines at these restaurants or at our winery in Venesj\u00e4rvi.<\/p><p>Feel free to ask about our products for your restaurants or retail, phone +358503553878 or meggalaoy@gmail.com<\/p>\t\t\t\t\t\t<\/div>\n\t\t\t\t<\/div>\n\t\t\t\t\t<\/div>\n\t\t<\/div>\n\t\t\t\t\t<\/div>\n\t\t<\/section>\n\t\t\t\t<\/div>","protected":false},"excerpt":{"rendered":"<p>Finnish wines Meggala Venesj\u00e4rvi Meggala winery is located in Kankaanp\u00e4\u00e4, Satakunta, in the rural village of Venesj\u00e4rvi. We produce finnish [&hellip;]<\/p>","protected":false},"author":2,"featured_media":168,"parent":0,"menu_order":0,"comment_status":"closed","ping_status":"closed","template":"elementor_header_footer","meta":{"site-sidebar-layout":"no-sidebar","site-content-layout":"","ast-site-content-layout":"full-width-container","site-content-style":"default","site-sidebar-style":"default","ast-global-header-display":"","ast-banner-title-visibility":"","ast-main-header-display":"","ast-hfb-above-header-display":"","ast-hfb-below-header-display":"","ast-hfb-mobile-header-display":"","site-post-title":"disabled","ast-breadcrumbs-content":"","ast-featured-img":"disabled","footer-sml-layout":"","theme-transparent-header-meta":"","adv-header-id-meta":"","stick-header-meta":"","header-above-stick-meta":"","header-main-stick-meta":"","header-below-stick-meta":"","astra-migrate-meta-layouts":"default","ast-page-background-enabled":"default","ast-page-background-meta":{"desktop":{"background-color":"var(--ast-global-color-4)","background-image":"","background-repeat":"repeat","background-position":"center center","background-size":"auto","background-attachment":"scroll","background-type":"","background-media":"","overlay-type":"","overlay-color":"","overlay-opacity":"","overlay-gradient":""},"tablet":{"background-color":"","background-image":"","background-repeat":"repeat","background-position":"center center","background-size":"auto","background-attachment":"scroll","background-type":"","background-media":"","overlay-type":"","overlay-color":"","overlay-opacity":"","overlay-gradient":""},"mobile":{"background-color":"","background-image":"","background-repeat":"repeat","background-position":"center center","background-size":"auto","background-attachment":"scroll","background-type":"","background-media":"","overlay-type":"","overlay-color":"","overlay-opacity":"","overlay-gradient":""}},"ast-content-background-meta":{"desktop":{"background-color":"var(--ast-global-color-5)","background-image":"","background-repeat":"repeat","background-position":"center center","background-size":"auto","background-attachment":"scroll","background-type":"","background-media":"","overlay-type":"","overlay-color":"","overlay-opacity":"","overlay-gradient":""},"tablet":{"background-color":"var(--ast-global-color-5)","background-image":"","background-repeat":"repeat","background-position":"center center","background-size":"auto","background-attachment":"scroll","background-type":"","background-media":"","overlay-type":"","overlay-color":"","overlay-opacity":"","overlay-gradient":""},"mobile":{"background-color":"var(--ast-global-color-5)","background-image":"","background-repeat":"repeat","background-position":"center center","background-size":"auto","background-attachment":"scroll","background-type":"","background-media":"","overlay-type":"","overlay-color":"","overlay-opacity":"","overlay-gradient":""}},"footnotes":""},"class_list":["post-678","page","type-page","status-publish","has-post-thumbnail","hentry"],"yoast_head":"<!-- This site is optimized with the Yoast SEO plugin v23.6 - https:\/\/yoast.com\/wordpress\/plugins\/seo\/ -->\n<title>Finnish Wines | Viinitila Meggala<\/title>\n<meta name=\"description\" content=\"We produce finnish wines, ciders and non-alcoholic products from pure local raw materials grown in Finland.\" \/>\n<meta name=\"robots\" content=\"index, follow, max-snippet:-1, max-image-preview:large, max-video-preview:-1\" \/>\n<link rel=\"canonical\" href=\"https:\/\/viinitilameggala.fi\/en\/finnish-wines\/\" \/>\n<meta property=\"og:locale\" content=\"en_GB\" \/>\n<meta property=\"og:type\" content=\"article\" \/>\n<meta property=\"og:title\" content=\"Finnish Wines | Viinitila Meggala\" \/>\n<meta property=\"og:description\" content=\"We produce finnish wines, ciders and non-alcoholic products from pure local raw materials grown in Finland.\" \/>\n<meta property=\"og:url\" content=\"https:\/\/viinitilameggala.fi\/en\/finnish-wines\/\" \/>\n<meta property=\"og:site_name\" content=\"Viinitila Meggala\" \/>\n<meta property=\"article:modified_time\" content=\"2026-02-09T12:46:06+00:00\" \/>\n<meta property=\"og:image\" content=\"https:\/\/viinitilameggala.fi\/wp-content\/uploads\/2024\/06\/c1078031-9f5e-415d-a9fa-2f2d730f5509-min-scaled.jpg\" \/>\n\t<meta property=\"og:image:width\" content=\"1748\" \/>\n\t<meta property=\"og:image:height\" content=\"2560\" \/>\n\t<meta property=\"og:image:type\" content=\"image\/jpeg\" \/>\n<meta name=\"twitter:card\" content=\"summary_large_image\" \/>\n<meta name=\"twitter:label1\" content=\"Estimated reading time\" \/>\n\t<meta name=\"twitter:data1\" content=\"2 minutes\" \/>\n<script type=\"application\/ld+json\" class=\"yoast-schema-graph\">{\"@context\":\"https:\/\/schema.org\",\"@graph\":[{\"@type\":\"WebPage\",\"@id\":\"https:\/\/viinitilameggala.fi\/finnish-wines\/\",\"url\":\"https:\/\/viinitilameggala.fi\/finnish-wines\/\",\"name\":\"Finnish Wines | Viinitila Meggala\",\"isPartOf\":{\"@id\":\"https:\/\/viinitilameggala.fi\/#website\"},\"primaryImageOfPage\":{\"@id\":\"https:\/\/viinitilameggala.fi\/finnish-wines\/#primaryimage\"},\"image\":{\"@id\":\"https:\/\/viinitilameggala.fi\/finnish-wines\/#primaryimage\"},\"thumbnailUrl\":\"https:\/\/viinitilameggala.fi\/wp-content\/uploads\/2024\/06\/c1078031-9f5e-415d-a9fa-2f2d730f5509-min-scaled.jpg\",\"datePublished\":\"2024-10-15T11:25:05+00:00\",\"dateModified\":\"2026-02-09T12:46:06+00:00\",\"description\":\"We produce finnish wines, ciders and non-alcoholic products from pure local raw materials grown in Finland.\",\"breadcrumb\":{\"@id\":\"https:\/\/viinitilameggala.fi\/finnish-wines\/#breadcrumb\"},\"inLanguage\":\"en-GB\",\"potentialAction\":[{\"@type\":\"ReadAction\",\"target\":[\"https:\/\/viinitilameggala.fi\/finnish-wines\/\"]}]},{\"@type\":\"ImageObject\",\"inLanguage\":\"en-GB\",\"@id\":\"https:\/\/viinitilameggala.fi\/finnish-wines\/#primaryimage\",\"url\":\"https:\/\/viinitilameggala.fi\/wp-content\/uploads\/2024\/06\/c1078031-9f5e-415d-a9fa-2f2d730f5509-min-scaled.jpg\",\"contentUrl\":\"https:\/\/viinitilameggala.fi\/wp-content\/uploads\/2024\/06\/c1078031-9f5e-415d-a9fa-2f2d730f5509-min-scaled.jpg\",\"width\":1748,\"height\":2560},{\"@type\":\"BreadcrumbList\",\"@id\":\"https:\/\/viinitilameggala.fi\/finnish-wines\/#breadcrumb\",\"itemListElement\":[{\"@type\":\"ListItem\",\"position\":1,\"name\":\"Etusivu\",\"item\":\"https:\/\/viinitilameggala.fi\/\"},{\"@type\":\"ListItem\",\"position\":2,\"name\":\"Finnish Wines\"}]},{\"@type\":\"WebSite\",\"@id\":\"https:\/\/viinitilameggala.fi\/#website\",\"url\":\"https:\/\/viinitilameggala.fi\/\",\"name\":\"Viinitila Meggala\",\"description\":\"Laadukkaita viinej\u00e4 joka hetkeen\",\"potentialAction\":[{\"@type\":\"SearchAction\",\"target\":{\"@type\":\"EntryPoint\",\"urlTemplate\":\"https:\/\/viinitilameggala.fi\/?s={search_term_string}\"},\"query-input\":{\"@type\":\"PropertyValueSpecification\",\"valueRequired\":true,\"valueName\":\"search_term_string\"}}],\"inLanguage\":\"en-GB\"}]}<\/script>\n<!-- \/ Yoast SEO plugin. -->","yoast_head_json":{"title":"Finnish Wines | Viinitila Meggala","description":"We produce finnish wines, ciders and non-alcoholic products from pure local raw materials grown in Finland.","robots":{"index":"index","follow":"follow","max-snippet":"max-snippet:-1","max-image-preview":"max-image-preview:large","max-video-preview":"max-video-preview:-1"},"canonical":"https:\/\/viinitilameggala.fi\/en\/finnish-wines\/","og_locale":"en_GB","og_type":"article","og_title":"Finnish Wines | Viinitila Meggala","og_description":"We produce finnish wines, ciders and non-alcoholic products from pure local raw materials grown in Finland.","og_url":"https:\/\/viinitilameggala.fi\/en\/finnish-wines\/","og_site_name":"Viinitila Meggala","article_modified_time":"2026-02-09T12:46:06+00:00","og_image":[{"width":1748,"height":2560,"url":"https:\/\/viinitilameggala.fi\/wp-content\/uploads\/2024\/06\/c1078031-9f5e-415d-a9fa-2f2d730f5509-min-scaled.jpg","type":"image\/jpeg"}],"twitter_card":"summary_large_image","twitter_misc":{"Estimated reading time":"2 minutes"},"schema":{"@context":"https:\/\/schema.org","@graph":[{"@type":"WebPage","@id":"https:\/\/viinitilameggala.fi\/finnish-wines\/","url":"https:\/\/viinitilameggala.fi\/finnish-wines\/","name":"Finnish Wines | Viinitila Meggala","isPartOf":{"@id":"https:\/\/viinitilameggala.fi\/#website"},"primaryImageOfPage":{"@id":"https:\/\/viinitilameggala.fi\/finnish-wines\/#primaryimage"},"image":{"@id":"https:\/\/viinitilameggala.fi\/finnish-wines\/#primaryimage"},"thumbnailUrl":"https:\/\/viinitilameggala.fi\/wp-content\/uploads\/2024\/06\/c1078031-9f5e-415d-a9fa-2f2d730f5509-min-scaled.jpg","datePublished":"2024-10-15T11:25:05+00:00","dateModified":"2026-02-09T12:46:06+00:00","description":"We produce finnish wines, ciders and non-alcoholic products from pure local raw materials grown in Finland.","breadcrumb":{"@id":"https:\/\/viinitilameggala.fi\/finnish-wines\/#breadcrumb"},"inLanguage":"en-GB","potentialAction":[{"@type":"ReadAction","target":["https:\/\/viinitilameggala.fi\/finnish-wines\/"]}]},{"@type":"ImageObject","inLanguage":"en-GB","@id":"https:\/\/viinitilameggala.fi\/finnish-wines\/#primaryimage","url":"https:\/\/viinitilameggala.fi\/wp-content\/uploads\/2024\/06\/c1078031-9f5e-415d-a9fa-2f2d730f5509-min-scaled.jpg","contentUrl":"https:\/\/viinitilameggala.fi\/wp-content\/uploads\/2024\/06\/c1078031-9f5e-415d-a9fa-2f2d730f5509-min-scaled.jpg","width":1748,"height":2560},{"@type":"BreadcrumbList","@id":"https:\/\/viinitilameggala.fi\/finnish-wines\/#breadcrumb","itemListElement":[{"@type":"ListItem","position":1,"name":"Etusivu","item":"https:\/\/viinitilameggala.fi\/"},{"@type":"ListItem","position":2,"name":"Finnish Wines"}]},{"@type":"WebSite","@id":"https:\/\/viinitilameggala.fi\/#website","url":"https:\/\/viinitilameggala.fi\/","name":"Viinitila Meggala","description":"Laadukkaita viinej\u00e4 joka hetkeen","potentialAction":[{"@type":"SearchAction","target":{"@type":"EntryPoint","urlTemplate":"https:\/\/viinitilameggala.fi\/?s={search_term_string}"},"query-input":{"@type":"PropertyValueSpecification","valueRequired":true,"valueName":"search_term_string"}}],"inLanguage":"en-GB"}]}},"_links":{"self":[{"href":"https:\/\/viinitilameggala.fi\/en\/wp-json\/wp\/v2\/pages\/678","targetHints":{"allow":["GET"]}}],"collection":[{"href":"https:\/\/viinitilameggala.fi\/en\/wp-json\/wp\/v2\/pages"}],"about":[{"href":"https:\/\/viinitilameggala.fi\/en\/wp-json\/wp\/v2\/types\/page"}],"author":[{"embeddable":true,"href":"https:\/\/viinitilameggala.fi\/en\/wp-json\/wp\/v2\/users\/2"}],"replies":[{"embeddable":true,"href":"https:\/\/viinitilameggala.fi\/en\/wp-json\/wp\/v2\/comments?post=678"}],"version-history":[{"count":58,"href":"https:\/\/viinitilameggala.fi\/en\/wp-json\/wp\/v2\/pages\/678\/revisions"}],"predecessor-version":[{"id":1358,"href":"https:\/\/viinitilameggala.fi\/en\/wp-json\/wp\/v2\/pages\/678\/revisions\/1358"}],"wp:featuredmedia":[{"embeddable":true,"href":"https:\/\/viinitilameggala.fi\/en\/wp-json\/wp\/v2\/media\/168"}],"wp:attachment":[{"href":"https:\/\/viinitilameggala.fi\/en\/wp-json\/wp\/v2\/media?parent=678"}],"curies":[{"name":"wp","href":"https:\/\/api.w.org\/{rel}","templated":true}]}}